{"id":1390,"date":"2021-06-25T16:15:09","date_gmt":"2021-06-25T19:15:09","guid":{"rendered":"https:\/\/cdpha.pro.br\/?page_id=1390"},"modified":"2023-03-23T19:36:44","modified_gmt":"2023-03-23T22:36:44","slug":"criancas-brasileiras","status":"publish","type":"page","link":"https:\/\/cdpha.pro.br\/en\/criancas-brasileiras\/","title":{"rendered":"Crian\u00e7as Brasileiras"},"content":{"rendered":"\n<div class=\"wp-block-columns\">\n<div class=\"wp-block-column\" style=\"flex-basis:33.33%\">\n<figure class=\"wp-block-image size-large\"><a href=\"https:\/\/cdpha.pro.br\/wp-content\/uploads\/2023\/03\/Relatorio-Belo-Horizonte_versao-evento-devolutiva.pdf\" target=\"_blank\" rel=\"noopener noreferrer\"><img loading=\"lazy\" width=\"611\" height=\"866\" src=\"https:\/\/cdpha.pro.br\/wp-content\/uploads\/2023\/03\/capa.jpg\" alt=\"\" class=\"wp-image-1664\" srcset=\"https:\/\/cdpha.pro.br\/wp-content\/uploads\/2023\/03\/capa.jpg 611w, https:\/\/cdpha.pro.br\/wp-content\/uploads\/2023\/03\/capa-212x300.jpg 212w\" sizes=\"(max-width: 611px) 100vw, 611px\" \/><\/a><figcaption><a href=\"https:\/\/cdpha.pro.br\/wp-content\/uploads\/2023\/03\/Relatorio-Belo-Horizonte_versao-evento-devolutiva.pdf\" target=\"_blank\" rel=\"noreferrer noopener\">https:\/\/cdpha.pro.br\/wp-content\/uploads\/2023\/03\/Relatorio-Belo-Horizonte_versao-evento-devolutiva.pdf<\/a><\/figcaption><\/figure>\n<\/div>\n\n\n\n<div class=\"wp-block-column\" style=\"flex-basis:66.66%\">\n<figure class=\"wp-block-embed-youtube wp-block-embed is-type-video is-provider-youtube wp-embed-aspect-16-9 wp-has-aspect-ratio\"><div class=\"wp-block-embed__wrapper\">\n<div class=\"nv-iframe-embed\"><iframe title=\"Aula da Professora Marina Massimi IEA USP  Concep\u00e7\u00f5es de inf\u00e2ncia no Brasil Colonial\" width=\"1200\" height=\"675\" src=\"https:\/\/www.youtube.com\/embed\/oj8bWC4w4GY?feature=oembed\" frameborder=\"0\" allow=\"accelerometer; autoplay; clipboard-write; encrypted-media; gyroscope; picture-in-picture; web-share\" allowfullscreen><\/iframe><\/div>\n<\/div><figcaption>Grava\u00e7\u00e3o de Reuni\u00e3o &#8211; Aula da Profa. Marina Massimi (IEA_USP) Concep\u00e7\u00f5es de inf\u00e2ncia no Brasil colonial &#8211; Data &#8211; 18_06_2021<\/figcaption><\/figure>\n<\/div>\n<\/div>\n","protected":false},"excerpt":{"rendered":"","protected":false},"author":12,"featured_media":0,"parent":0,"menu_order":0,"comment_status":"closed","ping_status":"closed","template":"","meta":{"neve_meta_sidebar":"full-width","neve_meta_container":"","neve_meta_enable_content_width":"on","neve_meta_content_width":100,"neve_meta_title_alignment":"","neve_meta_author_avatar":"","neve_post_elements_order":"","neve_meta_disable_header":"","neve_meta_disable_footer":"","neve_meta_disable_title":""},"_links":{"self":[{"href":"https:\/\/cdpha.pro.br\/en\/wp-json\/wp\/v2\/pages\/1390"}],"collection":[{"href":"https:\/\/cdpha.pro.br\/en\/wp-json\/wp\/v2\/pages"}],"about":[{"href":"https:\/\/cdpha.pro.br\/en\/wp-json\/wp\/v2\/types\/page"}],"author":[{"embeddable":true,"href":"https:\/\/cdpha.pro.br\/en\/wp-json\/wp\/v2\/users\/12"}],"replies":[{"embeddable":true,"href":"https:\/\/cdpha.pro.br\/en\/wp-json\/wp\/v2\/comments?post=1390"}],"version-history":[{"count":10,"href":"https:\/\/cdpha.pro.br\/en\/wp-json\/wp\/v2\/pages\/1390\/revisions"}],"predecessor-version":[{"id":1676,"href":"https:\/\/cdpha.pro.br\/en\/wp-json\/wp\/v2\/pages\/1390\/revisions\/1676"}],"wp:attachment":[{"href":"https:\/\/cdpha.pro.br\/en\/wp-json\/wp\/v2\/media?parent=1390"}],"curies":[{"name":"wp","href":"https:\/\/api.w.org\/{rel}","templated":true}]}}