{"id":1429,"date":"2021-07-05T15:12:23","date_gmt":"2021-07-05T18:12:23","guid":{"rendered":"https:\/\/cdpha.pro.br\/?page_id=1429"},"modified":"2021-07-05T15:31:44","modified_gmt":"2021-07-05T18:31:44","slug":"mesa-redonda","status":"publish","type":"page","link":"https:\/\/cdpha.pro.br\/en\/mesa-redonda\/","title":{"rendered":"Mesa Redonda"},"content":{"rendered":"\n<div class=\"wp-block-media-text alignwide is-stacked-on-mobile\"><figure class=\"wp-block-media-text__media\"><a href=\"https:\/\/www.youtube.com\/watch?v=yzL8PPjD4CQ\" target=\"_blank\" rel=\"noopener noreferrer\"><img loading=\"lazy\" width=\"1024\" height=\"638\" src=\"https:\/\/cdpha.pro.br\/wp-content\/uploads\/2021\/07\/Clipboard04-1024x638.jpg\" alt=\"\" class=\"wp-image-1431\" srcset=\"https:\/\/cdpha.pro.br\/wp-content\/uploads\/2021\/07\/Clipboard04-1024x638.jpg 1024w, https:\/\/cdpha.pro.br\/wp-content\/uploads\/2021\/07\/Clipboard04-300x187.jpg 300w, https:\/\/cdpha.pro.br\/wp-content\/uploads\/2021\/07\/Clipboard04-768x479.jpg 768w, https:\/\/cdpha.pro.br\/wp-content\/uploads\/2021\/07\/Clipboard04.jpg 1176w\" sizes=\"(max-width: 1024px) 100vw, 1024px\" \/><\/a><\/figure><div class=\"wp-block-media-text__content\">\n<p class=\"has-medium-font-size\">Mesa Redonda O Museu da Crian\u00e7a Perspectivas para o futuro a partir de um sonho de Helena Antipoff realizada na 38\u00aa edi\u00e7\u00e3o do Encontro Anual Helena Antipoff em modo virtual, em mar\u00e7o de 2021.<\/p>\n<\/div><\/div>\n","protected":false},"excerpt":{"rendered":"<p>Mesa Redonda O Museu da Crian\u00e7a Perspectivas para o futuro a partir de um sonho de Helena Antipoff realizada na 38\u00aa edi\u00e7\u00e3o do Encontro Anual Helena Antipoff em modo virtual, em mar\u00e7o de 2021.<\/p>\n","protected":false},"author":12,"featured_media":0,"parent":0,"menu_order":0,"comment_status":"closed","ping_status":"closed","template":"","meta":{"neve_meta_sidebar":"full-width","neve_meta_container":"","neve_meta_enable_content_width":"on","neve_meta_content_width":100,"neve_meta_title_alignment":"","neve_meta_author_avatar":"","neve_post_elements_order":"","neve_meta_disable_header":"","neve_meta_disable_footer":"","neve_meta_disable_title":""},"_links":{"self":[{"href":"https:\/\/cdpha.pro.br\/en\/wp-json\/wp\/v2\/pages\/1429"}],"collection":[{"href":"https:\/\/cdpha.pro.br\/en\/wp-json\/wp\/v2\/pages"}],"about":[{"href":"https:\/\/cdpha.pro.br\/en\/wp-json\/wp\/v2\/types\/page"}],"author":[{"embeddable":true,"href":"https:\/\/cdpha.pro.br\/en\/wp-json\/wp\/v2\/users\/12"}],"replies":[{"embeddable":true,"href":"https:\/\/cdpha.pro.br\/en\/wp-json\/wp\/v2\/comments?post=1429"}],"version-history":[{"count":3,"href":"https:\/\/cdpha.pro.br\/en\/wp-json\/wp\/v2\/pages\/1429\/revisions"}],"predecessor-version":[{"id":1435,"href":"https:\/\/cdpha.pro.br\/en\/wp-json\/wp\/v2\/pages\/1429\/revisions\/1435"}],"wp:attachment":[{"href":"https:\/\/cdpha.pro.br\/en\/wp-json\/wp\/v2\/media?parent=1429"}],"curies":[{"name":"wp","href":"https:\/\/api.w.org\/{rel}","templated":true}]}}