{"id":1437,"date":"2021-07-08T16:21:07","date_gmt":"2021-07-08T19:21:07","guid":{"rendered":"https:\/\/cdpha.pro.br\/?page_id=1437"},"modified":"2021-07-08T16:32:16","modified_gmt":"2021-07-08T19:32:16","slug":"criancas-no-mundo","status":"publish","type":"page","link":"https:\/\/cdpha.pro.br\/en\/criancas-no-mundo\/","title":{"rendered":"Crian\u00e7as no Mundo"},"content":{"rendered":"\n<figure class=\"wp-block-embed-youtube wp-block-embed is-type-video is-provider-youtube wp-embed-aspect-16-9 wp-has-aspect-ratio\"><div class=\"wp-block-embed__wrapper\">\n<div class=\"nv-iframe-embed\"><iframe title=\"Aula da Professora S\u00edlvia Parrat Dayan - Universidade de Genebra -\" width=\"1200\" height=\"675\" src=\"https:\/\/www.youtube.com\/embed\/d3g-2ZZuhJY?feature=oembed\" frameborder=\"0\" allow=\"accelerometer; autoplay; clipboard-write; encrypted-media; gyroscope; picture-in-picture\" allowfullscreen><\/iframe><\/div>\n<\/div><figcaption>Aula da Professora S\u00edlvia Parrat Dayan &#8211; Universidade de Genebra &#8211; Pr\u00e1ticas de maternagem em diferentes culturas no S\u00e9culo XX.<\/figcaption><\/figure>\n\n\n\n<p><\/p>\n","protected":false},"excerpt":{"rendered":"","protected":false},"author":12,"featured_media":0,"parent":0,"menu_order":0,"comment_status":"closed","ping_status":"closed","template":"","meta":{"neve_meta_sidebar":"full-width","neve_meta_container":"","neve_meta_enable_content_width":"on","neve_meta_content_width":100,"neve_meta_title_alignment":"","neve_meta_author_avatar":"","neve_post_elements_order":"","neve_meta_disable_header":"","neve_meta_disable_footer":"","neve_meta_disable_title":""},"_links":{"self":[{"href":"https:\/\/cdpha.pro.br\/en\/wp-json\/wp\/v2\/pages\/1437"}],"collection":[{"href":"https:\/\/cdpha.pro.br\/en\/wp-json\/wp\/v2\/pages"}],"about":[{"href":"https:\/\/cdpha.pro.br\/en\/wp-json\/wp\/v2\/types\/page"}],"author":[{"embeddable":true,"href":"https:\/\/cdpha.pro.br\/en\/wp-json\/wp\/v2\/users\/12"}],"replies":[{"embeddable":true,"href":"https:\/\/cdpha.pro.br\/en\/wp-json\/wp\/v2\/comments?post=1437"}],"version-history":[{"count":4,"href":"https:\/\/cdpha.pro.br\/en\/wp-json\/wp\/v2\/pages\/1437\/revisions"}],"predecessor-version":[{"id":1443,"href":"https:\/\/cdpha.pro.br\/en\/wp-json\/wp\/v2\/pages\/1437\/revisions\/1443"}],"wp:attachment":[{"href":"https:\/\/cdpha.pro.br\/en\/wp-json\/wp\/v2\/media?parent=1437"}],"curies":[{"name":"wp","href":"https:\/\/api.w.org\/{rel}","templated":true}]}}