{"id":1448,"date":"2021-09-06T16:31:04","date_gmt":"2021-09-06T19:31:04","guid":{"rendered":"https:\/\/cdpha.pro.br\/?page_id=1448"},"modified":"2021-09-21T16:29:41","modified_gmt":"2021-09-21T19:29:41","slug":"2021-2022","status":"publish","type":"page","link":"https:\/\/cdpha.pro.br\/en\/2021-2022\/","title":{"rendered":"2021 -2022"},"content":{"rendered":"\n<div style=\"height:20px\" aria-hidden=\"true\" class=\"wp-block-spacer\"><\/div>\n\n\n\n<div class=\"wp-block-group\"><div class=\"wp-block-group__inner-container\">\n<p><strong>DIRETORIA DO CDPHA 2021-2022:<\/strong><\/p>\n\n\n\n<p>Presidente de honra: Elza Moura<\/p>\n\n\n\n<p>Presidente: Regina Helena de Freitas Campos<\/p>\n\n\n\n<p>Vice-presidentes:<\/p>\n\n\n\n<p>Vicente Tarley Ferreira Alves (presidente da Funda\u00e7\u00e3o Helena Antipoff a partir de 04.10.2019)<\/p>\n\n\n\n<p>Maria do Carmo Coutinho de Moraes (Associa\u00e7\u00e3o Pestalozzi de Minas Gerais)<\/p>\n\n\n\n<p>S\u00edlvia Maria Medeiros Magalh\u00e3es (diretora da ACORDA \u2013 Associa\u00e7\u00e3o Comunit\u00e1ria do Ros\u00e1rio)<\/p>\n\n\n\n<p>Filomena de F\u00e1tima Silva <\/p>\n\n\n\n<p>(presidente da ADAV \u2013 Associa\u00e7\u00e3o Milton Campos para o Desenvolvimento e Assist\u00eancia a Voca\u00e7\u00f5es de Bem Dotados)<\/p>\n\n\n\n<p><strong>Diretoria T\u00e9cnica:<\/strong><\/p>\n\n\n\n<p>Adriana Ara\u00fajo Pereira Borges<\/p>\n\n\n\n<p>Adriana Otoni Silva Antunes Duarte<\/p>\n\n\n\n<p>Deolinda Armani Turci<\/p>\n\n\n\n<p>Lilian Sipoli Carneiro Ca\u00f1ete<\/p>\n\n\n\n<p><strong>Diretoria Administrativa:<\/strong><\/p>\n\n\n\n<p>Christiane Campos de Ara\u00fajo<\/p>\n\n\n\n<p>Cleuza Gl\u00f3ria de F\u00e1tima Amorim de Oliveira<\/p>\n\n\n\n<p>Miriam Aparecida de Brito Nonato<\/p>\n\n\n\n<p>Renata Cruz<\/p>\n\n\n\n<p><strong>Diretoria Financeira:<\/strong><\/p>\n\n\n\n<p>Carlyle dos Passos Laia<\/p>\n\n\n\n<p>Raquel Martins de Assis<\/p>\n\n\n\n<p>Wanderson de Souza Cleres<\/p>\n<\/div><\/div>\n\n\n\n<p><strong>Conselho Fiscal:<\/strong><\/p>\n\n\n\n<p><em>Titulares<\/em><\/p>\n\n\n\n<p>Camila Jardim de Meira<\/p>\n\n\n\n<p>Carolina Silva Bandeira de Melo<\/p>\n\n\n\n<p>Maria de F\u00e1tima Pio Cassemiro<\/p>\n\n\n\n<p><em>Suplentes<\/em><\/p>\n\n\n\n<p>Elizabeth Coutinho de Moraes<\/p>\n\n\n\n<p>S\u00e9rgio Domingues<\/p>\n\n\n\n<p>Sergio Faleiro Farnese<\/p>\n\n\n\n<p><strong>Conselho Consultivo:<\/strong><\/p>\n\n\n\n<p>Aline Moreira Gon\u00e7alves<\/p>\n\n\n\n<p>Andr\u00e9 Morelli<\/p>\n\n\n\n<p>Arthur Arruda Leal Ferreira<\/p>\n\n\n\n<p>Bernard Schneuwly<\/p>\n\n\n\n<p>Clarice Moukachar Batista Loureiro<\/p>\n\n\n\n<p>D\u00e9bora Ros\u00e1ria Barbosa<\/p>\n\n\n\n<p>Dener Silva<\/p>\n\n\n\n<p>Marilene Proen\u00e7a Rebelo de Souza<\/p>\n\n\n\n<p>Marina Massimi<\/p>\n\n\n\n<p>Marina Sorokina<\/p>\n\n\n\n<p>M\u00f4nica Maria Farid Rahme<\/p>\n\n\n\n<p>Natalia Masolikova<\/p>\n\n\n\n<p>Nydia Negromonte Franco<\/p>\n\n\n\n<p>Paula Dantas de Oliveira Pelizer<\/p>\n\n\n\n<p>Raquel Vianna<\/p>\n\n\n\n<p>Rita Hofstetter<\/p>\n\n\n\n<p>Riviane Borghesi Bravo<\/p>\n\n\n\n<p>Rodrigo Lopes Miranda<\/p>\n\n\n\n<p>S\u00e9rgio Dias Cirino<\/p>\n\n\n\n<p>Tatiana Campos Vasconcelos<\/p>\n\n\n\n<p><strong>Coordenadoras Regionais<\/strong>:<\/p>\n\n\n\n<p>Marilene Oliveira Almeida (Universidade do Estado de Minas Gerais\/Funda\u00e7\u00e3o Helena Antipoff)<\/p>\n\n\n\n<p>\u00c9rika Louren\u00e7o (Departamento de Psicologia, Universidade Federal de Minas Gerais)<\/p>\n","protected":false},"excerpt":{"rendered":"<p>Conselho Fiscal: Titulares Camila Jardim de Meira Carolina Silva Bandeira de Melo Maria de F\u00e1tima Pio Cassemiro Suplentes Elizabeth Coutinho de Moraes S\u00e9rgio Domingues Sergio Faleiro Farnese Conselho Consultivo: Aline Moreira Gon\u00e7alves Andr\u00e9 Morelli Arthur Arruda Leal Ferreira Bernard Schneuwly Clarice Moukachar Batista Loureiro D\u00e9bora Ros\u00e1ria Barbosa Dener Silva Marilene Proen\u00e7a Rebelo de Souza Marina&hellip;&nbsp;<a href=\"https:\/\/cdpha.pro.br\/en\/2021-2022\/\" class=\"\" rel=\"bookmark\">Read More &raquo;<span class=\"screen-reader-text\">2021 -2022<\/span><\/a><\/p>\n","protected":false},"author":12,"featured_media":0,"parent":0,"menu_order":0,"comment_status":"closed","ping_status":"closed","template":"","meta":{"neve_meta_sidebar":"full-width","neve_meta_container":"","neve_meta_enable_content_width":"on","neve_meta_content_width":100,"neve_meta_title_alignment":"","neve_meta_author_avatar":"","neve_post_elements_order":"","neve_meta_disable_header":"","neve_meta_disable_footer":"","neve_meta_disable_title":""},"_links":{"self":[{"href":"https:\/\/cdpha.pro.br\/en\/wp-json\/wp\/v2\/pages\/1448"}],"collection":[{"href":"https:\/\/cdpha.pro.br\/en\/wp-json\/wp\/v2\/pages"}],"about":[{"href":"https:\/\/cdpha.pro.br\/en\/wp-json\/wp\/v2\/types\/page"}],"author":[{"embeddable":true,"href":"https:\/\/cdpha.pro.br\/en\/wp-json\/wp\/v2\/users\/12"}],"replies":[{"embeddable":true,"href":"https:\/\/cdpha.pro.br\/en\/wp-json\/wp\/v2\/comments?post=1448"}],"version-history":[{"count":2,"href":"https:\/\/cdpha.pro.br\/en\/wp-json\/wp\/v2\/pages\/1448\/revisions"}],"predecessor-version":[{"id":1469,"href":"https:\/\/cdpha.pro.br\/en\/wp-json\/wp\/v2\/pages\/1448\/revisions\/1469"}],"wp:attachment":[{"href":"https:\/\/cdpha.pro.br\/en\/wp-json\/wp\/v2\/media?parent=1448"}],"curies":[{"name":"wp","href":"https:\/\/api.w.org\/{rel}","templated":true}]}}