{"id":1479,"date":"2021-10-08T09:40:30","date_gmt":"2021-10-08T12:40:30","guid":{"rendered":"https:\/\/cdpha.pro.br\/?page_id=1479"},"modified":"2021-10-08T10:23:40","modified_gmt":"2021-10-08T13:23:40","slug":"videos-15a-primavera-dos-museus","status":"publish","type":"page","link":"https:\/\/cdpha.pro.br\/en\/videos-15a-primavera-dos-museus\/","title":{"rendered":"videos 15\u00aa Primavera dos museus"},"content":{"rendered":"\n<div class=\"wp-block-columns\">\n<div class=\"wp-block-column\">\n<figure class=\"wp-block-embed-youtube wp-block-embed is-type-video is-provider-youtube wp-embed-aspect-16-9 wp-has-aspect-ratio\"><div class=\"wp-block-embed__wrapper\">\n<div class=\"nv-iframe-embed\"><iframe title=\"15\u00aa PRIMAVERA DOS MUSEUS \u2013 Museus: Perdas e Recome\u00e7os -20\/09\/21. O VIDEO SER\u00c1 POSTADO EM BREVE\" width=\"1200\" height=\"675\" src=\"https:\/\/www.youtube.com\/embed\/XEm876fJkwk?start=5336&#038;feature=oembed\" frameborder=\"0\" allow=\"accelerometer; autoplay; clipboard-write; encrypted-media; gyroscope; picture-in-picture\" allowfullscreen><\/iframe><\/div>\n<\/div><\/figure>\n<\/div>\n\n\n\n<div class=\"wp-block-column\">\n<p><strong>20\/09\/2021 \u2013 segunda-feira -14h \u00e0s 16h<\/strong><\/p>\n<ul>\n<li>Abertura \u2013 Helena Antipoff e o Museu da Crian\u00e7a<\/li>\n<li>Regina Helena de Freitas Campos (CDPHA\/UFMG)<\/li>\n<li>Marilene Oliveira Almeida (FHA\/CDPHA\/UEMG)<\/li>\n<li>Miriam de Brito Nonato (FHA\/CDPHA)<\/li>\n<li>S\u00e9rgio Farnese (UFMG\/CDPHA<\/li>\n<\/ul>\n<\/div>\n<\/div>\n\n\n\n<div class=\"wp-block-columns\">\n<div class=\"wp-block-column\">\n<figure class=\"wp-block-embed-youtube wp-block-embed is-type-video is-provider-youtube wp-embed-aspect-16-9 wp-has-aspect-ratio\"><div class=\"wp-block-embed__wrapper\">\n<div class=\"nv-iframe-embed\"><iframe title=\"15\u00aa PRIMAVERA DOS MUSEUS \u2013 Museus: Perdas e Recome\u00e7os\" width=\"1200\" height=\"675\" src=\"https:\/\/www.youtube.com\/embed\/64QWAw-x_yA?start=1948&#038;feature=oembed\" frameborder=\"0\" allow=\"accelerometer; autoplay; clipboard-write; encrypted-media; gyroscope; picture-in-picture\" allowfullscreen><\/iframe><\/div>\n<\/div><\/figure>\n<\/div>\n\n\n\n<div class=\"wp-block-column\">\n<p><strong>21\/09\/2021 \u2013 ter\u00e7a-feira &#8211; 9h \u00e0s 11h<\/strong><\/p>\n<p>Curso \u2013 Patrim\u00f4nio imaterial da inf\u00e2ncia &#8211; Oficina: Cad\u00ea o pato que estava aqui?\u00a0 Mediadoras:<\/p>\n<ul>\n<li>Silvania Sousa do Nascimento (UFMG)\u00a0<\/li>\n<li>Greciene Lopes dos Santos (Consultora UNESCO)<\/li>\n<li>Apresenta\u00e7\u00e3o: Marilene Oliveira Almeida<\/li>\n<\/ul>\n<\/div>\n<\/div>\n\n\n\n<div class=\"wp-block-columns\">\n<div class=\"wp-block-column\">\n<figure class=\"wp-block-embed-youtube wp-block-embed is-type-video is-provider-youtube wp-embed-aspect-16-9 wp-has-aspect-ratio\"><div class=\"wp-block-embed__wrapper\">\n<div class=\"nv-iframe-embed\"><iframe title=\"15\u00aa PRIMAVERA DOS MUSEUS \u2013 Museus: Perdas e Recome\u00e7os-22\/09\/21\" width=\"1200\" height=\"675\" src=\"https:\/\/www.youtube.com\/embed\/7m3EfdzmZn8?start=9&#038;feature=oembed\" frameborder=\"0\" allow=\"accelerometer; autoplay; clipboard-write; encrypted-media; gyroscope; picture-in-picture\" allowfullscreen><\/iframe><\/div>\n<\/div><\/figure>\n<\/div>\n\n\n\n<div class=\"wp-block-column\">\n<p><strong>22\/09\/2021 \u2013 quarta-feira &#8211; 14h \u00e0s 16h<\/strong><\/p>\n<p>Curso \u2013 Museus e a crian\u00e7a no Brasil e no mundo<\/p>\n<ul>\n<li>Isabel Miranda- (Escola Guignard\/UEMG)<\/li>\n<li>Josu\u00e9 Barbosa (Escola Guignard\/UEMG)<\/li>\n<li>Marilene Oliveira Almeida (FHA\/CDPHA\/UEMG)<\/li>\n<\/ul>\n<\/div>\n<\/div>\n\n\n\n<div class=\"wp-block-columns\">\n<div class=\"wp-block-column\">\n<figure class=\"wp-block-embed-youtube wp-block-embed is-type-video is-provider-youtube wp-embed-aspect-16-9 wp-has-aspect-ratio\"><div class=\"wp-block-embed__wrapper\">\n<div class=\"nv-iframe-embed\"><iframe title=\"15\u00aa PRIMAVERA DOS MUSEUS \u2013 Museus: Perdas e Recome\u00e7os -23\/09\/21\" width=\"1200\" height=\"675\" src=\"https:\/\/www.youtube.com\/embed\/uXfu0i5OyhA?start=32&#038;feature=oembed\" frameborder=\"0\" allow=\"accelerometer; autoplay; clipboard-write; encrypted-media; gyroscope; picture-in-picture\" allowfullscreen><\/iframe><\/div>\n<\/div><\/figure>\n<\/div>\n\n\n\n<div class=\"wp-block-column\">\n<p><strong>23\/09\/2021 \u2013 quinta-feira &#8211; 9h \u00e0s 11h<\/strong><\/p>\n<p>Curso &#8211; Oficina de Brincadeiras e Proje\u00e7\u00f5es no Museu da Crian\u00e7a \u2013 propostas de artistas educadores da Escola Guignard\/UEMG<\/p>\n<ul>\n<li>Celso Lembi &#8211; (Escola Guignard\/UEMG)<\/li>\n<li>Nairza Santana- (Escola Guignard\/UEMG)<\/li>\n<li>Josu\u00e9 Barbosa (Escola Guignard\/UEMG)<\/li>\n<li>Claudio Bargas (Escola Guignard\/UEMG)<\/li>\n<li>Marilene Oliveira Almeida (FHA\/CDPHA\/UEMG)<\/li>\n<\/ul>\n\n\n\n<p><\/p>\n<\/div>\n<\/div>\n\n\n\n<div class=\"wp-block-columns\">\n<div class=\"wp-block-column\">\n<figure class=\"wp-block-embed-youtube wp-block-embed is-type-video is-provider-youtube wp-embed-aspect-16-9 wp-has-aspect-ratio\"><div class=\"wp-block-embed__wrapper\">\n<div class=\"nv-iframe-embed\"><iframe title=\"15\u00aa PRIMAVERA DOS MUSEUS \u2013 Museus: Perdas e Recome\u00e7os -23\/09\/21\" width=\"1200\" height=\"675\" src=\"https:\/\/www.youtube.com\/embed\/uXfu0i5OyhA?start=32&#038;feature=oembed\" frameborder=\"0\" allow=\"accelerometer; autoplay; clipboard-write; encrypted-media; gyroscope; picture-in-picture\" allowfullscreen><\/iframe><\/div>\n<\/div><\/figure>\n<\/div>\n\n\n\n<div class=\"wp-block-column\">\n<p><strong>23\/09\/2021 \u2013 quinta-feira &#8211; 14h \u00e0s 16h<\/strong><\/p>\n<p>Curso &#8211; Oficina de Resid\u00eancia Art\u00edstica e Interven\u00e7\u00f5es no Museu da Crian\u00e7a \u2013 propostas de artistas educadores da Escola Guignard\/UEMG<\/p>\n<ul>\n<li>Jana\u00edna Lages \u2013 (Escola Guignard\/UEMG)<\/li>\n<li>Steisiely Fernandes \u2013 (Escola Guignard\/UEMG)<\/li>\n<li>IMarilene Oliveira Almeida (FHA\/CDPHA\/UEMG)<\/li>\n<\/ul>\n<\/div>\n<\/div>\n\n\n\n<div class=\"wp-block-columns\">\n<div class=\"wp-block-column\">\n<figure class=\"wp-block-embed-youtube wp-block-embed is-type-video is-provider-youtube wp-embed-aspect-16-9 wp-has-aspect-ratio\"><div class=\"wp-block-embed__wrapper\">\n<div class=\"nv-iframe-embed\"><iframe title=\"15\u00aa PRIMAVERA DOS MUSEUS \u2013 Museus: Perdas e Recome\u00e7os -24\/09\/21\" width=\"1200\" height=\"675\" src=\"https:\/\/www.youtube.com\/embed\/MyYl8vdjYls?start=710&#038;feature=oembed\" frameborder=\"0\" allow=\"accelerometer; autoplay; clipboard-write; encrypted-media; gyroscope; picture-in-picture\" allowfullscreen><\/iframe><\/div>\n<\/div><\/figure>\n<\/div>\n\n\n\n<div class=\"wp-block-column\">\n<p><strong>24\/09\/2021 \u2013 sexta-feira &#8211; 14h \u00e0s 16h<\/strong><\/p>\n<p>Curso \u2013 Museu da e para a Crian\u00e7a\u2013 o que nos ensina Helena Antipoff?<\/p>\n<ul>\n<li>Christiane Campos de Ara\u00fajo (UEMG)<\/li>\n<li>Lilian Sipoli Carneiro Ca\u00f1ete (UEMG)<\/li>\n<li>Marilene Oliveira Almeida (FHA\/CDPHA\/UEMG)<\/li>\n<\/ul>\n\n\n\n<p><\/p>\n<\/div>\n<\/div>\n\n\n\n<p><\/p>\n\n\n\n<div class=\"wp-block-columns\">\n<div class=\"wp-block-column\">\n<figure class=\"wp-block-embed-youtube wp-block-embed is-type-video is-provider-youtube wp-embed-aspect-16-9 wp-has-aspect-ratio\"><div class=\"wp-block-embed__wrapper\">\n<div class=\"nv-iframe-embed\"><iframe title=\"15\u00aa PRIMAVERA DOS MUSEUS \u2013 Museus: Perdas e Recome\u00e7os -25\/09\/21\" width=\"1200\" height=\"675\" src=\"https:\/\/www.youtube.com\/embed\/EH83z2eAPxA?start=2&#038;feature=oembed\" frameborder=\"0\" allow=\"accelerometer; autoplay; clipboard-write; encrypted-media; gyroscope; picture-in-picture\" allowfullscreen><\/iframe><\/div>\n<\/div><\/figure>\n<\/div>\n\n\n\n<div class=\"wp-block-column\">\n<p><strong>25\/09\/2021 \u2013 s\u00e1bado &#8211; 9h \u00e0s 11h<\/strong><br \/>Curso &#8211; Oficina de Jogos e Brinquedos no Museu da Crian\u00e7a &#8211; propostas de artistas educadores da Escola Guignard\/UEMG<\/p>\n<ul>\n<li>Claudio Bargas (Escola Guignard\/UEMG)<\/li>\n<li>Luc\u00e9lia de Carvalho (Escola Guignard\/UEMG)<\/li>\n<li>Marilene Oliveira Almeida (FHA\/CDPHA\/UEMG)<\/li>\n<\/ul>\n<\/div>\n<\/div>\n\n\n\n<div class=\"wp-block-media-text alignwide is-stacked-on-mobile\"><figure class=\"wp-block-media-text__media\"><img loading=\"lazy\" width=\"1024\" height=\"578\" src=\"https:\/\/cdpha.pro.br\/wp-content\/uploads\/2021\/10\/BANNER-Centenario-Paulo-Freire-Regina-Helena-1024x578.jpg\" alt=\"\" class=\"wp-image-1491\" srcset=\"https:\/\/cdpha.pro.br\/wp-content\/uploads\/2021\/10\/BANNER-Centenario-Paulo-Freire-Regina-Helena-1024x578.jpg 1024w, https:\/\/cdpha.pro.br\/wp-content\/uploads\/2021\/10\/BANNER-Centenario-Paulo-Freire-Regina-Helena-300x169.jpg 300w, https:\/\/cdpha.pro.br\/wp-content\/uploads\/2021\/10\/BANNER-Centenario-Paulo-Freire-Regina-Helena-768x433.jpg 768w, https:\/\/cdpha.pro.br\/wp-content\/uploads\/2021\/10\/BANNER-Centenario-Paulo-Freire-Regina-Helena-1536x866.jpg 1536w, https:\/\/cdpha.pro.br\/wp-content\/uploads\/2021\/10\/BANNER-Centenario-Paulo-Freire-Regina-Helena-2048x1155.jpg 2048w\" sizes=\"(max-width: 1024px) 100vw, 1024px\" \/><\/figure><div class=\"wp-block-media-text__content\">\n<p><strong>08\/10\/2021 \u2013 14:30 \u00e0s 16h \u2013 sexta-feira<\/strong><br>Confer\u00eancia \u2013 O Pensamento Pedag\u00f3gico de Paulo Freire e o Museu Helena Antipoff<\/p>\n\n\n\n<ul><li>Regina Helena de Freitas Campos (UFMG\/CDPHA)<\/li><li>Debatedora: Lilian Sipoli Carneiro Ca\u00f1ete (Unidade Ibirit\u00e9\/UEMG)<\/li><li>Coordena\u00e7\u00e3o: Marilene Oliveira Almeida (Escola Guignard\/UEMG\/Museu Helena Antipoff\/CDPHA-FHA)<\/li><\/ul>\n<\/div><\/div>\n","protected":false},"excerpt":{"rendered":"<p>20\/09\/2021 \u2013 segunda-feira -14h \u00e0s 16h Abertura \u2013 Helena Antipoff e o Museu da Crian\u00e7a Regina Helena de Freitas Campos (CDPHA\/UFMG) Marilene Oliveira Almeida (FHA\/CDPHA\/UEMG) Miriam de Brito Nonato (FHA\/CDPHA) S\u00e9rgio Farnese (UFMG\/CDPHA 21\/09\/2021 \u2013 ter\u00e7a-feira &#8211; 9h \u00e0s 11h Curso \u2013 Patrim\u00f4nio imaterial da inf\u00e2ncia &#8211; Oficina: Cad\u00ea o pato que estava aqui?\u00a0 Mediadoras:&hellip;&nbsp;<a href=\"https:\/\/cdpha.pro.br\/en\/videos-15a-primavera-dos-museus\/\" class=\"\" rel=\"bookmark\">Read More &raquo;<span class=\"screen-reader-text\">videos 15\u00aa Primavera dos museus<\/span><\/a><\/p>\n","protected":false},"author":12,"featured_media":0,"parent":0,"menu_order":0,"comment_status":"closed","ping_status":"closed","template":"","meta":{"neve_meta_sidebar":"full-width","neve_meta_container":"","neve_meta_enable_content_width":"on","neve_meta_content_width":100,"neve_meta_title_alignment":"","neve_meta_author_avatar":"","neve_post_elements_order":"","neve_meta_disable_header":"","neve_meta_disable_footer":"","neve_meta_disable_title":""},"_links":{"self":[{"href":"https:\/\/cdpha.pro.br\/en\/wp-json\/wp\/v2\/pages\/1479"}],"collection":[{"href":"https:\/\/cdpha.pro.br\/en\/wp-json\/wp\/v2\/pages"}],"about":[{"href":"https:\/\/cdpha.pro.br\/en\/wp-json\/wp\/v2\/types\/page"}],"author":[{"embeddable":true,"href":"https:\/\/cdpha.pro.br\/en\/wp-json\/wp\/v2\/users\/12"}],"replies":[{"embeddable":true,"href":"https:\/\/cdpha.pro.br\/en\/wp-json\/wp\/v2\/comments?post=1479"}],"version-history":[{"count":6,"href":"https:\/\/cdpha.pro.br\/en\/wp-json\/wp\/v2\/pages\/1479\/revisions"}],"predecessor-version":[{"id":1492,"href":"https:\/\/cdpha.pro.br\/en\/wp-json\/wp\/v2\/pages\/1479\/revisions\/1492"}],"wp:attachment":[{"href":"https:\/\/cdpha.pro.br\/en\/wp-json\/wp\/v2\/media?parent=1479"}],"curies":[{"name":"wp","href":"https:\/\/api.w.org\/{rel}","templated":true}]}}