{"id":1517,"date":"2022-03-17T15:45:20","date_gmt":"2022-03-17T18:45:20","guid":{"rendered":"https:\/\/cdpha.pro.br\/?page_id=1517"},"modified":"2022-03-17T15:55:59","modified_gmt":"2022-03-17T18:55:59","slug":"adolescentes-e-jovens","status":"publish","type":"page","link":"https:\/\/cdpha.pro.br\/en\/adolescentes-e-jovens\/","title":{"rendered":"Adolescentes e Jovens"},"content":{"rendered":"\n<div class=\"wp-block-media-text alignwide is-stacked-on-mobile\"><figure class=\"wp-block-media-text__media\"><a href=\"https:\/\/drive.google.com\/file\/d\/1djh_QfdhdhfFJWa-Eqb7fMhxchOq2h_a\/view\" target=\"_blank\" rel=\"noopener noreferrer\"><img loading=\"lazy\" width=\"833\" height=\"488\" src=\"https:\/\/cdpha.pro.br\/wp-content\/uploads\/2022\/03\/lilian-apresentacao.jpg\" alt=\"\" class=\"wp-image-1521\" srcset=\"https:\/\/cdpha.pro.br\/wp-content\/uploads\/2022\/03\/lilian-apresentacao.jpg 833w, https:\/\/cdpha.pro.br\/wp-content\/uploads\/2022\/03\/lilian-apresentacao-300x176.jpg 300w, https:\/\/cdpha.pro.br\/wp-content\/uploads\/2022\/03\/lilian-apresentacao-768x450.jpg 768w\" sizes=\"(max-width: 833px) 100vw, 833px\" \/><\/a><\/figure><div class=\"wp-block-media-text__content\">\n<p class=\"has-normal-font-size\">Apresenta\u00e7\u00e3o da pesquisa de p\u00f3s-doutorado da Profa. Lilian Caixeta, da Universidade Federal de Vi\u00e7osa: PROCESSOS DE DESENVOLVIMENTO NA ADOLESC\u00caNCIA E JUVENTUDE: APORTES TE\u00d3RICOS E METODOLOGIAS DE INTERVEN\u00c7\u00c3O EM ESCOLAS E COMUNIDADES. CDPHA, 21\/02\/2022<\/p>\n<\/div><\/div>\n","protected":false},"excerpt":{"rendered":"<p>Apresenta\u00e7\u00e3o da pesquisa de p\u00f3s-doutorado da Profa. Lilian Caixeta, da Universidade Federal de Vi\u00e7osa: PROCESSOS DE DESENVOLVIMENTO NA ADOLESC\u00caNCIA E JUVENTUDE: APORTES TE\u00d3RICOS E METODOLOGIAS DE INTERVEN\u00c7\u00c3O EM ESCOLAS E COMUNIDADES. CDPHA, 21\/02\/2022<\/p>\n","protected":false},"author":12,"featured_media":0,"parent":0,"menu_order":0,"comment_status":"closed","ping_status":"closed","template":"","meta":{"neve_meta_sidebar":"full-width","neve_meta_container":"","neve_meta_enable_content_width":"on","neve_meta_content_width":100,"neve_meta_title_alignment":"","neve_meta_author_avatar":"","neve_post_elements_order":"","neve_meta_disable_header":"","neve_meta_disable_footer":"","neve_meta_disable_title":""},"_links":{"self":[{"href":"https:\/\/cdpha.pro.br\/en\/wp-json\/wp\/v2\/pages\/1517"}],"collection":[{"href":"https:\/\/cdpha.pro.br\/en\/wp-json\/wp\/v2\/pages"}],"about":[{"href":"https:\/\/cdpha.pro.br\/en\/wp-json\/wp\/v2\/types\/page"}],"author":[{"embeddable":true,"href":"https:\/\/cdpha.pro.br\/en\/wp-json\/wp\/v2\/users\/12"}],"replies":[{"embeddable":true,"href":"https:\/\/cdpha.pro.br\/en\/wp-json\/wp\/v2\/comments?post=1517"}],"version-history":[{"count":3,"href":"https:\/\/cdpha.pro.br\/en\/wp-json\/wp\/v2\/pages\/1517\/revisions"}],"predecessor-version":[{"id":1523,"href":"https:\/\/cdpha.pro.br\/en\/wp-json\/wp\/v2\/pages\/1517\/revisions\/1523"}],"wp:attachment":[{"href":"https:\/\/cdpha.pro.br\/en\/wp-json\/wp\/v2\/media?parent=1517"}],"curies":[{"name":"wp","href":"https:\/\/api.w.org\/{rel}","templated":true}]}}