{"id":1552,"date":"2022-05-14T17:36:31","date_gmt":"2022-05-14T20:36:31","guid":{"rendered":"https:\/\/cdpha.pro.br\/?page_id=1552"},"modified":"2022-10-27T04:33:42","modified_gmt":"2022-10-27T07:33:42","slug":"eventos","status":"publish","type":"page","link":"https:\/\/cdpha.pro.br\/en\/eventos\/","title":{"rendered":"eventos"},"content":{"rendered":"<p><img loading=\"lazy\" class=\"alignleft  wp-image-1654\" src=\"https:\/\/cdpha.pro.br\/wp-content\/uploads\/2022\/10\/INICIAL2-1.jpg\" alt=\"\" width=\"1062\" height=\"412\" srcset=\"https:\/\/cdpha.pro.br\/wp-content\/uploads\/2022\/10\/INICIAL2-1.jpg 977w, https:\/\/cdpha.pro.br\/wp-content\/uploads\/2022\/10\/INICIAL2-1-300x116.jpg 300w, https:\/\/cdpha.pro.br\/wp-content\/uploads\/2022\/10\/INICIAL2-1-768x298.jpg 768w\" sizes=\"(max-width: 1062px) 100vw, 1062px\" \/><\/p>\n\n\n<hr class=\"wp-block-separator\"\/>\n\n\n<h4 class=\"title style-scope ytd-video-primary-info-renderer\">TRADUZIDO &#8211; Martine Ruchat (Univ. Genebra) &#8211; Helena Antipoff, \u00c9douard Clapar\u00e8de \u2013 legados e perspectivas em psicologia e educa\u00e7\u00e3o.<\/h4>\n\n\n<figure class=\"wp-block-embed-youtube wp-block-embed is-type-video is-provider-youtube wp-embed-aspect-16-9 wp-has-aspect-ratio\"><div class=\"wp-block-embed__wrapper\">\n<div class=\"nv-iframe-embed\"><iframe title=\"TRADUZIDO - Martine Ruchat (Univ. Genebra) - Helena Antipoff, \u00c9douard Clapar\u00e8de\" width=\"1200\" height=\"675\" src=\"https:\/\/www.youtube.com\/embed\/famTNo2jgUI?feature=oembed\" frameborder=\"0\" allow=\"accelerometer; autoplay; clipboard-write; encrypted-media; gyroscope; picture-in-picture\" allowfullscreen><\/iframe><\/div>\n<\/div><\/figure>\n\n\n\n<hr class=\"wp-block-separator\"\/>\n\n\n<h4>TRADUZIDO &#8211; Mesa Redonda Helena Antipoff e a psicologia russo sovi\u00e9tica<\/h4>\n\n\n<figure class=\"wp-block-embed-youtube wp-block-embed is-type-video is-provider-youtube wp-embed-aspect-16-9 wp-has-aspect-ratio\"><div class=\"wp-block-embed__wrapper\">\n<div class=\"nv-iframe-embed\"><iframe title=\"TRADUZIDO - Mesa Redonda Helena Antipoff e a psicologia russo sovi\u00e9tica\" width=\"1200\" height=\"675\" src=\"https:\/\/www.youtube.com\/embed\/y7LRC-U8UFo?feature=oembed\" frameborder=\"0\" allow=\"accelerometer; autoplay; clipboard-write; encrypted-media; gyroscope; picture-in-picture\" allowfullscreen><\/iframe><\/div>\n<\/div><\/figure>\n\n\n\n<hr class=\"wp-block-separator\"\/>\n\n\n<h4>TRADUZIDO &#8211; Martine Ruchat (Univ. Genebra) &#8211; Helena Antipoff, \u00c9douard Clapar\u00e8de<\/h4>\n\n\n<figure class=\"wp-block-embed-youtube wp-block-embed is-type-video is-provider-youtube wp-embed-aspect-16-9 wp-has-aspect-ratio\"><div class=\"wp-block-embed__wrapper\">\n<div class=\"nv-iframe-embed\"><iframe title=\"TRADUZIDO - Martine Ruchat (Univ. Genebra) - Helena Antipoff, \u00c9douard Clapar\u00e8de\" width=\"1200\" height=\"675\" src=\"https:\/\/www.youtube.com\/embed\/famTNo2jgUI?feature=oembed\" frameborder=\"0\" allow=\"accelerometer; autoplay; clipboard-write; encrypted-media; gyroscope; picture-in-picture\" allowfullscreen><\/iframe><\/div>\n<\/div><\/figure>\n\n\n\n<hr class=\"wp-block-separator\"\/>\n\n\n<h4>Mesa Redonda Helena Antipoff e a psicologia russo sovi\u00e9tica &#8211; AUDIO ORIGINAL<\/h4>\n\n\n<figure class=\"wp-block-embed-youtube wp-block-embed is-type-video is-provider-youtube wp-embed-aspect-16-9 wp-has-aspect-ratio\"><div class=\"wp-block-embed__wrapper\">\n<div class=\"nv-iframe-embed\"><iframe title=\"Mesa Redonda Helena Antipoff e a psicologia russo sovi\u00e9tica - AUDIO ORIGINAL\" width=\"1200\" height=\"675\" src=\"https:\/\/www.youtube.com\/embed\/oR58eE912Qc?feature=oembed\" frameborder=\"0\" allow=\"accelerometer; autoplay; clipboard-write; encrypted-media; gyroscope; picture-in-picture\" allowfullscreen><\/iframe><\/div>\n<\/div><\/figure>\n\n\n\n<hr class=\"wp-block-separator\"\/>\n\n\n<h4>Martine Ruchat (Univ. Genebra) &#8211; Helena Antipoff, \u00c9douard Clapar\u00e8de<\/h4>\n\n\n<figure class=\"wp-block-embed-youtube wp-block-embed is-type-video is-provider-youtube wp-embed-aspect-16-9 wp-has-aspect-ratio\"><div class=\"wp-block-embed__wrapper\">\n<div class=\"nv-iframe-embed\"><iframe title=\"Martine Ruchat (Univ. Genebra) - Helena Antipoff, \u00c9douard Clapar\u00e8de\" width=\"1200\" height=\"675\" src=\"https:\/\/www.youtube.com\/embed\/RzNgkkTQ4Vw?feature=oembed\" frameborder=\"0\" allow=\"accelerometer; autoplay; clipboard-write; encrypted-media; gyroscope; picture-in-picture\" allowfullscreen><\/iframe><\/div>\n<\/div><\/figure>\n","protected":false},"excerpt":{"rendered":"<p>TRADUZIDO &#8211; Martine Ruchat (Univ. Genebra) &#8211; Helena Antipoff, \u00c9douard Clapar\u00e8de \u2013 legados e perspectivas em psicologia e educa\u00e7\u00e3o. TRADUZIDO &#8211; Mesa Redonda Helena Antipoff e a psicologia russo sovi\u00e9tica TRADUZIDO &#8211; Martine Ruchat (Univ. Genebra) &#8211; Helena Antipoff, \u00c9douard Clapar\u00e8de Mesa Redonda Helena Antipoff e a psicologia russo sovi\u00e9tica &#8211; AUDIO ORIGINAL Martine Ruchat&hellip;&nbsp;<a href=\"https:\/\/cdpha.pro.br\/en\/eventos\/\" class=\"\" rel=\"bookmark\">Read More &raquo;<span class=\"screen-reader-text\">eventos<\/span><\/a><\/p>\n","protected":false},"author":12,"featured_media":0,"parent":0,"menu_order":0,"comment_status":"closed","ping_status":"closed","template":"","meta":{"neve_meta_sidebar":"full-width","neve_meta_container":"","neve_meta_enable_content_width":"on","neve_meta_content_width":100,"neve_meta_title_alignment":"","neve_meta_author_avatar":"","neve_post_elements_order":"","neve_meta_disable_header":"","neve_meta_disable_footer":"","neve_meta_disable_title":""},"_links":{"self":[{"href":"https:\/\/cdpha.pro.br\/en\/wp-json\/wp\/v2\/pages\/1552"}],"collection":[{"href":"https:\/\/cdpha.pro.br\/en\/wp-json\/wp\/v2\/pages"}],"about":[{"href":"https:\/\/cdpha.pro.br\/en\/wp-json\/wp\/v2\/types\/page"}],"author":[{"embeddable":true,"href":"https:\/\/cdpha.pro.br\/en\/wp-json\/wp\/v2\/users\/12"}],"replies":[{"embeddable":true,"href":"https:\/\/cdpha.pro.br\/en\/wp-json\/wp\/v2\/comments?post=1552"}],"version-history":[{"count":14,"href":"https:\/\/cdpha.pro.br\/en\/wp-json\/wp\/v2\/pages\/1552\/revisions"}],"predecessor-version":[{"id":1657,"href":"https:\/\/cdpha.pro.br\/en\/wp-json\/wp\/v2\/pages\/1552\/revisions\/1657"}],"wp:attachment":[{"href":"https:\/\/cdpha.pro.br\/en\/wp-json\/wp\/v2\/media?parent=1552"}],"curies":[{"name":"wp","href":"https:\/\/api.w.org\/{rel}","templated":true}]}}