{"id":160,"date":"2020-08-12T01:29:02","date_gmt":"2020-08-12T04:29:02","guid":{"rendered":"https:\/\/cdpha.pro.br\/?page_id=160"},"modified":"2024-06-28T15:57:17","modified_gmt":"2024-06-28T18:57:17","slug":"artigos-cientificos","status":"publish","type":"page","link":"https:\/\/cdpha.pro.br\/en\/artigos-cientificos\/","title":{"rendered":"Artigos Cient\u00edficos"},"content":{"rendered":"<p class=\"qtranxs-available-languages-message qtranxs-available-languages-message-en\">Sorry, only available in <a href=\"https:\/\/cdpha.pro.br\/pb\/wp-json\/wp\/v2\/pages\/160\" class=\"qtranxs-available-language-link qtranxs-available-language-link-pb\" title=\"Portugu\u00eas Brasil\">Brazilian Portuguese<\/a>. For the sake of viewer convenience, the content is shown below in the alternative language. You may click the link to switch the active language.<\/p><p><\/p>\n<p><strong data-rich-text-format-boundary=\"true\">T\u00edtulo<\/strong>: \u041c\u043e\u0438\u0306_\u043c\u0438\u043b\u044b\u0438\u0306_\u043c\u0430\u043b\u044c\u0447\u0438\u043a Cartas Antipoff Iretsky<br data-rich-text-line-break=\"true\" \/><strong>Autor<\/strong>: Marina Sorokina<br data-rich-text-line-break=\"true\" \/><strong>Assuntos<\/strong>: Correspond\u00eancia entre Helena Antipoff e seu marido Viktor Iretszky entre 1922 e 1924<br data-rich-text-line-break=\"true\" \/><strong>Publicado em<\/strong>: <a href=\"https:\/\/cdpha.pro.br\/wp-content\/uploads\/2022\/06\/\u041c\u043e\u0438\u0306_\u043c\u0438\u043b\u044b\u0438\u0306_\u043c\u0430\u043b\u044c\u0447\u0438\u043a-Cartas-Antipoff-Iretsky.pdf\">8 de maio de 2022<\/a><\/p>\n<p><strong data-rich-text-format-boundary=\"true\">T\u00edtulo<\/strong>: Escola ativa no Brasil na obra da psic\u00f3loga e educadora Helena Antipoff<br data-rich-text-line-break=\"true\" \/><strong>Autor<\/strong>: Duarte, Adriana Otoni Silva Antunes ORCID ; Campos, Regina Helena de Freitas<br data-rich-text-line-break=\"true\" \/><strong>Assuntos<\/strong>: Psicologia Escolar e Educacional 2020, Volume 24<br data-rich-text-line-break=\"true\" \/><strong>Publicado em<\/strong>:<a href=\"https:\/\/doi.org\/10.1590\/2175-35392020200499\"> <span class=\"_articleBadge\">ARTIGO<\/span><span class=\"_separator\">\u00a0\u2022\u00a0<\/span><span class=\"_editionMeta\">Psicol. Esc. Educ. 24\u00a0<span class=\"_separator\">\u2022\u00a0<\/span>2020<\/span><\/a><\/p>\n<p><strong data-rich-text-format-boundary=\"true\">T\u00edtulo<\/strong>: The History of Psychology in Brazil<br data-rich-text-line-break=\"true\" \/><strong>Autor<\/strong>: Regina Helena de Freitas Campos<br data-rich-text-line-break=\"true\" \/><strong>Assuntos<\/strong>: History and Systems of Psychology<br data-rich-text-line-break=\"true\" \/><strong>Publicado em<\/strong>: <a href=\"https:\/\/cdpha.pro.br\/wp-content\/uploads\/2021\/06\/Campos-History-of-Psychology-in-Brazil-Oxford-Research-Encyclopedia-of-Psychology-2021.pdf\" target=\"_blank\" rel=\"noreferrer noopener\">Oxford Research Encyclopedias, 23 February 2021.<\/a><\/p>\n\n\n<p><strong>T\u00edtulo<\/strong>: Helena Antipoff e o desenvolvimento da educa\u00e7\u00e3o especial no Brasil (1929-1961)<br><strong>Autor<\/strong>: Heulalia Charalo Rafante; Roseli Esquerdo Lopes<br><strong>Assuntos<\/strong>: Helena Antipoff. Educa\u00e7\u00e3o Especial. Excepcionais<br><strong>Publicado em<\/strong>: <a href=\"https:\/\/doi.org\/10.20396\/rho.v13i53.8640208\" target=\"_blank\" rel=\"noreferrer noopener\">Revista Histedbr On-line, 01 March 2014, Vol.13(53), pp.331-356<\/a><\/p>\n\n\n\n<p><strong>T\u00edtulo<\/strong>: Helena Antipoff: uma biografia intelectual<br><strong>Autor<\/strong>: Turci, Deolinda Armani ; Rodrigues, Larissa Assun\u00e7\u00e3o ; Louren\u00e7o, \u00c9rika<br><strong>Assuntos<\/strong>: Psychology, Educational ; Psychology<br><strong>Publicado <\/strong><a href=\"https:\/\/doi.org\/10.1590\/2175-3539\/2014\/0182829\" target=\"_blank\" rel=\"noreferrer noopener\">em: Psicologia Escolar e Educacional, 01 August 2014, Vol.18(2), pp.355-357<\/a><\/p>\n\n\n\n<p><strong>T\u00edtulo<\/strong>: Helena Antipoff e a educa\u00e7\u00e3o dos \u201cexcepcionais\u201d: uma an\u00e1lise do trabalho como princ\u00edpio educativo<br><strong>Autor<\/strong>: Heulalia Charalo Rafante ; Roseli Esquerdo Lopes<br><strong>Assuntos<\/strong>: Hist\u00f3ria Da Educa\u00e7\u00e3o. Educa\u00e7\u00e3o E Trabalho. Educa\u00e7\u00e3o Especial. Educa\u00e7\u00e3o E Pessoas Com Defici\u00eancia. Helena Antipoff<br><strong>Publicado em<\/strong>: <a href=\"https:\/\/doi.org\/10.20396\/rho.v9i33.8639565\" target=\"_blank\" rel=\"noreferrer noopener\">Revista Histedbr On-line, 01 October 2012, Vol.9(33), pp.228-252<\/a><\/p>\n\n\n\n<p><strong>T\u00edtulo<\/strong>: Helena Antipoff: ci\u00eancia, compromisso social e solidariedade sem fronteiras<br><strong>Autor<\/strong>: Ana Raquel de Oliveira Fran\u00e7a ; Luiz Gonzaga Gon\u00e7alves<br><strong>Assuntos<\/strong>: Education<br><strong>Publicado em<\/strong>: <a href=\"https:\/\/periodicos.uepa.br\/index.php\/cocar\/article\/view\/1895\/985\" target=\"_blank\" rel=\"noreferrer noopener\">Revista Cocar, 01 November 2018, Vol.12(24), pp.121-143 ( DOWNLOAD PDF)<\/a><\/p>\n\n\n\n<p><strong>T\u00edtulo<\/strong>: Liberdade e Express\u00e3o Art\u00edstica nos Projetos Educacionais de Helena Antipoff e Augusto Rodrigues (1940-1960)<br><strong>Autor<\/strong>: Marilene Oliveira Almeida ; Raquel Martins de Assis<br><strong>Assuntos<\/strong>: Educa\u00e7\u00e3o Pela Arte ; Helena Antipoff ; Augusto Rodrigues ; Escola Nova ; Rede de Colaboradores<br><strong>Publicado em<\/strong>: <a href=\"https:\/\/doi.org\/10.34639\/rpea.v8i1.9\" target=\"_blank\" rel=\"noreferrer noopener\">Revista Portuguesa de Educa\u00e7\u00e3o Art\u00edstica, 01 July 2018, Vol.8(1), pp.31-49<\/a><\/p>\n\n\n\n<p><strong>T\u00edtulo<\/strong>: As Classes Especiais e Helena Antipoff: uma Contribui\u00e7\u00e3o \u00e0 Hist\u00f3ria da Educa\u00e7\u00e3o Especial no Brasil<br><strong>Autor<\/strong>: Borges, Adriana Ara\u00fajo Pereira<br><strong>Assuntos<\/strong>: Education &amp; Educational Research; Education, Special; Educa\u00e7\u00e3o Especial; Helena Antipoff; Classe Especial; Special Education; Helena Antipoff; Special Classes; Education<br><strong>Publicado em<\/strong>: <a href=\"https:\/\/doi.org\/10.1590\/S1413-65382115000300003\" target=\"_blank\" rel=\"noreferrer noopener\">Revista Brasileira de Educa\u00e7\u00e3o Especial, 01 September 2015, Vol.21(3), pp.345-362<\/a><\/p>\n\n\n\n<p><strong>T\u00edtulo<\/strong>: Helena Antipoff: raz\u00e3o e sensibilidade na psicologia e na educa\u00e7\u00e3o<br><strong>Autor<\/strong>: Regina Helena de Freitas Campos<br><strong>Assuntos<\/strong>: History &amp; Archaeology<br><strong>Publicado em<\/strong>: <a href=\"https:\/\/doi.org\/10.1590\/S0103-40142003000300013\" target=\"_blank\" rel=\"noreferrer noopener\">Estudos avan\u00e7ados, 01 December 2003, Vol.17(49), pp.209-231<\/a><\/p>\n\n\n\n<p><strong>T\u00edtulo<\/strong>: Helena Antipoff (1892-1974)<br><strong>Autor<\/strong>: Campos, Regina Helena de Freitas<br><strong>Assuntos<\/strong>: Psychology, Applied ; Psychology<br><strong>Publicado em<\/strong>: <a href=\"https:\/\/doi.org\/10.1590\/S1414-98932000000100009\" target=\"_blank\" rel=\"noreferrer noopener\">Psicologia: ci\u00eancia e profiss\u00e3o, 01 March 2000, Vol.20(1), pp.73-73<\/a><\/p>\n\n\n\n<p><strong>T\u00edtulo<\/strong>: HELENA ANTIPOFF (1892\u20131974): A Synthesis of Swiss and Soviet Psychology in the Context of Brazilian Education<br><strong>Autor<\/strong>: De Freitas Campos, Regina Helena<br><strong>Assuntos<\/strong>: Educational Psychology ; Public School Education ; Educational Psychology ; H. Antipoff &amp; Her Critique of &amp; Alternative Proposal for Public Educational System &amp; Psychology, Brazil ; Human ; Brazil ; Article<br><strong>Publicado em<\/strong>: <a href=\"https:\/\/psycnet.apa.org\/doi\/10.1037\/1093-4510.4.2.133\" target=\"_blank\" rel=\"noreferrer noopener\">History of Psychology, 2001, Vol.4(2), pp.133-158<\/a><\/p>\n\n\n\n<p><strong>T\u00edtulo<\/strong>: Helena Antipoff: o esp\u00edrito cient\u00edfico da Psicologia<br><strong>Assuntos<\/strong>: Psychology, Applied; Psychology<br><strong>Publicado em<\/strong>: <a href=\"https:\/\/doi.org\/10.1590\/S1414-98931992000100004\" target=\"_blank\" rel=\"noreferrer noopener\">Psicologia: ci\u00eancia e profiss\u00e3o, January 1992, Vol.12(1), pp.18-21<\/a><\/p>\n\n\n\n<p><strong>T\u00edtulo<\/strong>: Escrita e leitura de di\u00e1rios na forma\u00e7\u00e3o de professoras para escolas rurais em Minas Gerais (1948-1974)<br><strong>Autor<\/strong>: M\u00f4nica Yumi Jinzenji ; Iza Rodrigues Da Luz ; Regina Helena de Freitas Campos<br><strong>Assuntos<\/strong>: Educa\u00e7\u00e3o Integral ; Escola Nova ; Helena Antipoff ; Educa\u00e7\u00e3o Rural ; Di\u00e1rios<br><strong>Publicado em<\/strong>: <a href=\"https:\/\/doi.org\/10.1590\/s1517-97022016133535\" target=\"_blank\" rel=\"noreferrer noopener\">Educa\u00e7\u00e3o e Pesquisa, 01 January 2016<\/a><\/p>\n\n\n\n<p><strong>T\u00edtulo<\/strong>: De Gen\u00e8ve \u00e0 Belo Horizonte, une histoire crois\u00e9e: circulation, r\u00e9ception et r\u00e9interpr\u00e9tation d&#8217;un mod\u00e8le europ\u00e9en des classes sp\u00e9ciales au Br\u00e9sil des ann\u00e9es 1930<br><strong>Autor<\/strong>: Campos, Regina Helena de Freitas ; Borges, Adriana Ara\u00fajo Pereira<br><strong>Assuntos<\/strong>: Classes Sp\u00e9ciales ; Circulation de Connaissances ; Histoires Crois\u00e9es ; Helena Antipoff ; Education<br><strong>Publicado em<\/strong>: <a href=\"https:\/\/doi.org\/10.1080\/00309230.2013.872680\" target=\"_blank\" rel=\"noreferrer noopener\">Paedagogica Historica: Internationalisation in Education: Issues, Challenges, Outcomes, 04 March 2014, Vol.50(1-2), pp.195-212<\/a><\/p>\n\n\n\n<p><strong>T\u00edtulo<\/strong>: Exercitar as Fun\u00e7\u00f5es Ps\u00edquicas: Ortopedia Mental como M\u00e9todo de Ensino das Classes Especiais (1930)1<br><strong>Autor<\/strong>: Petersen, La\u00eania Martins ; Assis, Raquel Martins<br><strong>Assuntos<\/strong>: Education &amp; Educational Research ; Education, Special ; Educa\u00e7\u00e3o Especial ; Estimula\u00e7\u00e3o Cognitiva ; Helena Antipoff ; Special Education ; Cognitive Stimulation ; Helena Antipoff ; Education<br><strong>Publicado em<\/strong>: <a href=\"https:\/\/doi.org\/10.1590\/s1413-65382317000100010\" target=\"_blank\" rel=\"noreferrer noopener\">Revista Brasileira de Educa\u00e7\u00e3o Especial, 01 March 2017, Vol.23(1), pp.127-144<\/a><\/p>\n\n\n\n<p><strong>T\u00edtulo<\/strong>: Helena Antipoff: da orienta\u00e7\u00e3o s\u00f3cio-cultural em Psicologia a uma concep\u00e7\u00e3o democr\u00e1tica de Educa\u00e7\u00e3o<br><strong>Autor<\/strong>: Campos, Regina Helena de Freitas<br><strong>Assuntos<\/strong>: Psychology, Applied ; Psychology<br><strong>Publicado em<\/strong>: <a href=\"https:\/\/doi.org\/10.1590\/S1414-98931992000100002\" target=\"_blank\" rel=\"noreferrer noopener\">Psicologia: ci\u00eancia e profiss\u00e3o, January 1992, Vol.12(1), pp.4-13<\/a><\/p>\n\n\n\n<p><strong>T\u00edtulo<\/strong>: Forma\u00e7\u00e3o de Professores para a Educa\u00e7\u00e3o Especial &#8211; Propostas de Helena Antipoff e seus Colaboradores na Fazenda do Ros\u00e1rio nos Anos de 1960<br><strong>Autor<\/strong>: Maria de F\u00e1tima Pio Cassemiro ; Regina Helena de Freitas Campos<br><strong>Assuntos<\/strong>: Educa\u00e7\u00e3o Especial ; Forma\u00e7\u00e3o de Professores ; Helena Antipoff ; Escola Ativa de Genebra ; Education<br><strong>Publicado em<\/strong>: <a href=\"https:\/\/doi.org\/10.1590\/s1413-653825190002000010\" target=\"_blank\" rel=\"noreferrer noopener\">Revista brasileira de educa\u00e7\u00e3o especial, Vol.25(2), pp.337-354<\/a><\/p>\n\n\n\n<p><strong>T\u00edtulo<\/strong>: O legado educacional de educadores do s\u00e9culo XX: revivendo exemplos do ato de ensinar<br><strong>Autor<\/strong>: Jani Alves Da Silva Moreira<br><strong>Assuntos<\/strong>: Legado Educacional. Biografia. Educadores. S\u00e9culo XX ; Sociology &amp; Social History<br><strong>Publicado em<\/strong>: <a href=\"https:\/\/www.periodicos.uem.br\/ojs\/index.php\/EspacoAcademico\/article\/view\/13285\" target=\"_blank\" rel=\"noreferrer noopener\">Revista espa\u00e7o acad\u00eamico, 01 May 2011, Vol.10(120), pp.189-194 ( DOWNLOAD PDF)<\/a><\/p>\n\n\n\n<p><strong>T\u00edtulo<\/strong>: The response to Binet production on Brazilian education: untold aspects of a history<br><strong>Autor<\/strong>: Regina Helena de Freitas Campos ; Maria Cristina Soares de Gouvea ; Paula Cristina David Guimar\u00e3es<br><strong>Assuntos<\/strong>: Education<br><strong>Publicado em<\/strong>: <a href=\"https:\/\/tede2.pucsp.br\/handle\/handle\/17403\" target=\"_blank\" rel=\"noreferrer noopener\">Revista brasileira de hist\u00f3ria da educa\u00e7\u00e3o, 01 July 2014, Vol.14(2[35]), pp.215-242<\/a><\/p>\n\n\n\n<p><strong>T\u00edtulo<\/strong>: Braille e Tinta unidos pela Inclus\u00e3o: uma releitura necess\u00e1ria<br><strong>Autor<\/strong>: Patr\u00edcia Ign\u00e1cio Da Rosa; Mirian Ara\u00fajo Carlos Crapez<br><strong>Assuntos<\/strong>: Discapacidad Visual; Libros de Texto Multissensorial; Recursos Did\u00e1cticos Especializados<br><strong>Publicado em<\/strong>: <a href=\"http:\/\/revistas.faa.edu.br\/index.php\/FDV\/article\/view\/103\/80\" target=\"_blank\" rel=\"noreferrer noopener\">Revista Interdisciplinar de Direito, 01 December 2015, Vol.12(2) (VISUALIZA\u00c7\u00c3O OU DOWNLOAD EM PDF)<\/a><\/p>\n\n\n\n<p><strong>T\u00edtulo<\/strong>: A metodologia de Pestalozzi e o ide\u00e1rio da Escola Nova<br><strong>Autor<\/strong>: Thais Lira Fran\u00e7a Adorno ; Maria Elisabeth Blanck Miguel<br><strong>Assuntos<\/strong>: Pestalozzi; M\u00e9todo Intuitivo; Escola Nova No Brasil ; Education<br><strong>Publicado em<\/strong>: <a href=\"https:\/\/periodicos.uem.br\/ojs\/index.php\/ActaSciEduc\/article\/view\/48511\/751375149886\" target=\"_blank\" rel=\"noreferrer noopener\">Acta Scientiarum : education, 01 April 2020, Vol.42, pp.e48511-e48511 (VISUALIZA\u00c7\u00c3O OU DOWNLOAD EM PDF)<\/a><\/p>\n\n\n\n<p><strong>T\u00edtulo<\/strong>: Ideais das crian\u00e7as mineiras no s\u00e9culo XX: mudan\u00e7as e continuidades<br><strong>Autor<\/strong>: Louren\u00e7o \u00c9rika ; Jinzenji M\u00f4nica Yumi<br><strong>Assuntos<\/strong>: Ideais Infantis ; Socializa\u00e7\u00e3o ; Influ\u00eancia Da M\u00eddia Televisiva ; Identifica\u00e7\u00e3o ; Psychology<br><strong>Publicado em<\/strong>: <a href=\"http:\/\/dx.doi.org\/10.1590\/S0102-37722000000100006\" target=\"_blank\" rel=\"noreferrer noopener\">Psicologia, teoria e pesquisa, 01 January 2000, Vol.16(1), pp.41-48<\/a><\/p>\n\n\n\n<p><strong>T\u00edtulo<\/strong>: Sources: The UFMG Archives of the History of Psychology in Brazil<br><strong>Autor<\/strong>: De Freitas Campos, Regina Helena<br><strong>Assuntos<\/strong>: History of Psychology ; History &amp; Systems ; Federal University of Minas Gerais ; Archives ; History of Psychology ; Brazil ; Human ; Brazil ; Article<br><strong>Publicado em<\/strong>: <a href=\"https:\/\/psycnet.apa.org\/doi\/10.1037\/a0019381a\" target=\"_blank\" rel=\"noreferrer noopener\">History of Psychology, 2010, Vol.13(2), pp.201-205<\/a><\/p>\n\n\n\n<p><strong>T\u00edtulo<\/strong>: Society for the History of Psychology News<br><strong>Autor<\/strong>: No Authorship Indicated<br><strong>Assuntos<\/strong>: American Psychological Association Divisions ; History of Psychology ; Scientific Communication ; History &amp; Systems ; Society for the History of Psychology ; News ; Article<br><strong>Publicado em<\/strong>: History of Psychology, 2014, Vol.17(3), pp.256-258<\/p>\n\n\n\n<p><strong>T\u00edtulo<\/strong>: THE ROLE OF A LABORATORY OF EXPERIMENTAL PSYCHOLOGY IN THE BRAZILIAN EDUCATION RENEWAL OF THE 1930s<br><strong>Autor<\/strong>: Cirino, S\u00e9rgio Dias ; Miranda, Rodrigo Lopes<br><strong>Assuntos<\/strong>: History Of Experimental Psychology ; Experimental Psychology Laboratory ; Belo Horizonte Teachers College<br><strong>Publicado em<\/strong>: <a href=\"https:\/\/psycnet.apa.org\/doi\/10.1037\/a0038446\" target=\"_blank\" rel=\"noreferrer noopener\">History of Psychology, 2015, Vol.18(1), pp.69-77<\/a><\/p>\n\n\n\n<p><strong>T\u00edtulo<\/strong>: Portraits of Pioneers in Developmental Psychology. (Pickren, W. E., Dewsbury, D. A., &amp; Wertheimer, M. (Eds.)<br><strong>Autor<\/strong>: Collodel Benetti, Idonezia<br><strong>Assuntos<\/strong>: Pioneers &#8212; History ; Pioneers &#8212; Social Aspects ; Psychology &#8212; History ; Psychology &#8212; Analysis<br><strong>Publicado em<\/strong>: <a href=\"http:\/\/dx.doi.org\/10.1590\/S0102-79722012000200023\" target=\"_blank\" rel=\"noreferrer noopener\">Psicologia: Reflexao &amp; Critica, April-June, 2012, Vol.25(2), p.407(3)<\/a><\/p>\n\n\n\n<p><strong>T\u00edtulo<\/strong>: Institutional Utopias, Eugenics, and Intellectual Disability in Brazil 1<br><strong>Autor<\/strong>: Block, Pamela<br><strong>Assuntos<\/strong>: Eugenics; Disability; Brazil; Anthropology; History &amp; Archaeology<br><strong>Publicado em<\/strong>: <a href=\"https:\/\/doi.org\/10.1080\/02757200701702851\" target=\"_blank\" rel=\"noreferrer noopener\">History and Anthropology, 01 June 2007, Vol.18(2), pp.177-196<\/a><\/p>\n\n\n\n<p><strong>T\u00edtulo<\/strong>: Intercambio cientifico entre Francia y Brasil en la historia de la psicologia&#8211;el papel de Georges Dumas entre 1908 y 1946<br><strong>Autor<\/strong>: Bandeira De Melo, Carolina S. ; de Freitas Campos, Regina Helena<br><strong>Assuntos<\/strong>: French Foreign Relations<br><strong>Publicado em<\/strong>: <a href=\"http:\/\/hdl.handle.net\/10554\/33511\" target=\"_blank\" rel=\"noreferrer noopener\">Universitas Psychologica, 2014, Vol.13(5), p.1681(15)<\/a><\/p>\n\n\n\n<p><strong>T\u00edtulo<\/strong>: A Rede Iberoamericana de Pesquisadores em Historia da Psicologia: o perfil dos investigadores \/ The Iberoamerican Network of Researchers in the History of Psychology: the researchers&#8217; profile \/ La red iberoamericana de investigadores en historia de la psicologia: el perfil de los investigadores<br><strong>Autor<\/strong>: Facchinetti, Cristiana; Pereira Da Silva, Marcus Vinicius; Castro, Alexandre de Carvalho; Monteiro, Raisa Capela; Chousa, Amanda Ferreira<br><strong>Assuntos<\/strong>: Social Sciences (General)<br><strong>Publicado em<\/strong>: <a href=\"https:\/\/doi.org\/10.21500\/22563202.3493\" target=\"_blank\" rel=\"noreferrer noopener\">Revista Guillermo de Ockham, 2017, Vol.15(2), p. 41(10)<\/a><\/p>\n\n\n<p><\/p>","protected":false},"excerpt":{"rendered":"<p>Sorry, only available in Brazilian Portuguese. For the sake of viewer convenience, the content is shown below in the alternative language. You may click the link to switch the active language. T\u00edtulo: \u041c\u043e\u0438\u0306_\u043c\u0438\u043b\u044b\u0438\u0306_\u043c\u0430\u043b\u044c\u0447\u0438\u043a Cartas Antipoff IretskyAutor: Marina SorokinaAssuntos: Correspond\u00eancia entre Helena Antipoff e seu marido Viktor Iretszky entre 1922 e 1924Publicado em: 8 de maio&hellip;&nbsp;<a href=\"https:\/\/cdpha.pro.br\/en\/artigos-cientificos\/\" class=\"\" rel=\"bookmark\">Read More &raquo;<span class=\"screen-reader-text\">Artigos Cient\u00edficos<\/span><\/a><\/p>\n","protected":false},"author":3,"featured_media":0,"parent":0,"menu_order":0,"comment_status":"closed","ping_status":"closed","template":"","meta":{"neve_meta_sidebar":"","neve_meta_container":"","neve_meta_enable_content_width":"","neve_meta_content_width":0,"neve_meta_title_alignment":"","neve_meta_author_avatar":"","neve_post_elements_order":"","neve_meta_disable_header":"","neve_meta_disable_footer":"","neve_meta_disable_title":""},"_links":{"self":[{"href":"https:\/\/cdpha.pro.br\/en\/wp-json\/wp\/v2\/pages\/160"}],"collection":[{"href":"https:\/\/cdpha.pro.br\/en\/wp-json\/wp\/v2\/pages"}],"about":[{"href":"https:\/\/cdpha.pro.br\/en\/wp-json\/wp\/v2\/types\/page"}],"author":[{"embeddable":true,"href":"https:\/\/cdpha.pro.br\/en\/wp-json\/wp\/v2\/users\/3"}],"replies":[{"embeddable":true,"href":"https:\/\/cdpha.pro.br\/en\/wp-json\/wp\/v2\/comments?post=160"}],"version-history":[{"count":8,"href":"https:\/\/cdpha.pro.br\/en\/wp-json\/wp\/v2\/pages\/160\/revisions"}],"predecessor-version":[{"id":2151,"href":"https:\/\/cdpha.pro.br\/en\/wp-json\/wp\/v2\/pages\/160\/revisions\/2151"}],"wp:attachment":[{"href":"https:\/\/cdpha.pro.br\/en\/wp-json\/wp\/v2\/media?parent=160"}],"curies":[{"name":"wp","href":"https:\/\/api.w.org\/{rel}","templated":true}]}}