{"id":166,"date":"2020-08-12T01:29:59","date_gmt":"2020-08-12T01:29:59","guid":{"rendered":"https:\/\/cdpha.pro.br\/?page_id=166"},"modified":"2020-10-15T22:04:54","modified_gmt":"2020-10-16T01:04:54","slug":"colecao-antipoff","status":"publish","type":"page","link":"https:\/\/cdpha.pro.br\/en\/colecao-antipoff\/","title":{"rendered":"Cole\u00e7\u00e3o Antipoff"},"content":{"rendered":"\n<p>Educa\u00e7\u00e3o de crian\u00e7as e jovens na contemporaneidade: pesquisas sobre sintomas na escola e subjetividade<br>Organizadoras: Ana Lydia Santiago e Regina Helena de Freitas Campos<br>Editora PUC Minas, 2011.<br><a rel=\"noreferrer noopener\" href=\"https:\/\/cdpha.pro.br\/wp-content\/uploads\/2020\/10\/Colecao-Antipoff-2011-Educ-criancas-e-jovens.pdf\" data-type=\"URL\" data-id=\"https:\/\/cdpha.pro.br\/wp-content\/uploads\/2020\/10\/Colecao-Antipoff-2011-Educ-criancas-e-jovens.pdf\" target=\"_blank\">Acesse aqui<\/a><\/p>\n\n\n\n<p>Hist\u00f3ria da Psicologia e Contexto Sociocultural<br>Organizadoras: \u00c9rika Louren\u00e7o e Raquel Martins de Assis<br>Editora PUC Minas, 2012.<br><a rel=\"noreferrer noopener\" href=\"https:\/\/cdpha.pro.br\/wp-content\/uploads\/2020\/10\/Colecao-Antipoff-2012-Hist-psic-contexto-sociocultural.pdf\" target=\"_blank\">Acesse aqui<\/a><\/p>\n\n\n\n<p>Cultura, direitos humanos e pr\u00e1ticas inclusivas em psicologia e educa\u00e7\u00e3o<br>Organizadoras: Raquel Martins de Assis, \u00c9rika Louren\u00e7o e Adriana Ara\u00fajo Pereira Borges<br>Editora PUC Minas, 2014.<br><a rel=\"noreferrer noopener\" href=\"https:\/\/cdpha.pro.br\/wp-content\/uploads\/2020\/10\/Colecao-Antipoff-2014-Cultura-direitos-humanos-praticas-inclusivas.pdf\" target=\"_blank\">Acesse aqui<\/a><\/p>\n\n\n\n<p>Psicologia, educa\u00e7\u00e3o e o debate ambiental: quest\u00f5es hist\u00f3ricas e contempor\u00e2neas<br>Organizadoras: Adriana Otoni Silva Antunes Duarte, Maria de F\u00e1tima Pio Cassemiro e Regina Helena de Freitas Campos<br>Editora PUC Minas, 2017.<br><a href=\"https:\/\/cdpha.pro.br\/wp-content\/uploads\/2020\/10\/Colecao-Antipoff-2017-Psic-educ-debate-ambiental.pdf\" target=\"_blank\" rel=\"noreferrer noopener\">Acesse aqui<\/a><\/p>\n","protected":false},"excerpt":{"rendered":"<p>Educa\u00e7\u00e3o de crian\u00e7as e jovens na contemporaneidade: pesquisas sobre sintomas na escola e subjetividadeOrganizadoras: Ana Lydia Santiago e Regina Helena de Freitas CamposEditora PUC Minas, 2011.Acesse aqui Hist\u00f3ria da Psicologia e Contexto SocioculturalOrganizadoras: \u00c9rika Louren\u00e7o e Raquel Martins de AssisEditora PUC Minas, 2012.Acesse aqui Cultura, direitos humanos e pr\u00e1ticas inclusivas em psicologia e educa\u00e7\u00e3oOrganizadoras: Raquel&hellip;&nbsp;<a href=\"https:\/\/cdpha.pro.br\/en\/colecao-antipoff\/\" class=\"\" rel=\"bookmark\">Read More &raquo;<span class=\"screen-reader-text\">Cole\u00e7\u00e3o Antipoff<\/span><\/a><\/p>\n","protected":false},"author":1,"featured_media":0,"parent":0,"menu_order":0,"comment_status":"closed","ping_status":"closed","template":"","meta":{"neve_meta_sidebar":"","neve_meta_container":"","neve_meta_enable_content_width":"","neve_meta_content_width":0,"neve_meta_title_alignment":"","neve_meta_author_avatar":"","neve_post_elements_order":"","neve_meta_disable_header":"","neve_meta_disable_footer":"","neve_meta_disable_title":""},"_links":{"self":[{"href":"https:\/\/cdpha.pro.br\/en\/wp-json\/wp\/v2\/pages\/166"}],"collection":[{"href":"https:\/\/cdpha.pro.br\/en\/wp-json\/wp\/v2\/pages"}],"about":[{"href":"https:\/\/cdpha.pro.br\/en\/wp-json\/wp\/v2\/types\/page"}],"author":[{"embeddable":true,"href":"https:\/\/cdpha.pro.br\/en\/wp-json\/wp\/v2\/users\/1"}],"replies":[{"embeddable":true,"href":"https:\/\/cdpha.pro.br\/en\/wp-json\/wp\/v2\/comments?post=166"}],"version-history":[{"count":4,"href":"https:\/\/cdpha.pro.br\/en\/wp-json\/wp\/v2\/pages\/166\/revisions"}],"predecessor-version":[{"id":1024,"href":"https:\/\/cdpha.pro.br\/en\/wp-json\/wp\/v2\/pages\/166\/revisions\/1024"}],"wp:attachment":[{"href":"https:\/\/cdpha.pro.br\/en\/wp-json\/wp\/v2\/media?parent=166"}],"curies":[{"name":"wp","href":"https:\/\/api.w.org\/{rel}","templated":true}]}}