{"id":172,"date":"2020-08-12T01:30:46","date_gmt":"2020-08-12T01:30:46","guid":{"rendered":"https:\/\/cdpha.pro.br\/?page_id=172"},"modified":"2020-10-14T21:39:39","modified_gmt":"2020-10-15T00:39:39","slug":"livros-e-capitulos","status":"publish","type":"page","link":"https:\/\/cdpha.pro.br\/en\/livros-e-capitulos\/","title":{"rendered":"Livros e cap\u00edtulos"},"content":{"rendered":"<p class=\"qtranxs-available-languages-message qtranxs-available-languages-message-en\">Sorry, only available in <a href=\"https:\/\/cdpha.pro.br\/pb\/wp-json\/wp\/v2\/pages\/172\" class=\"qtranxs-available-language-link qtranxs-available-language-link-pb\" title=\"Portugu\u00eas Brasil\">Brazilian Portuguese<\/a>. For the sake of viewer convenience, the content is shown below in the alternative language. You may click the link to switch the active language.<\/p><p><\/p>\n\n\n<p>Cap\u00edtulo de livro:<br>Masolikova, Natasha (2016) Helena Antipoff (1892\u20141974) and Alexander Nechayev (1870\u20141948): Russian Pedologists of the beginning of the XXth century. <strong><em><a href=\"https:\/\/cdpha.pro.br\/wp-content\/uploads\/2020\/09\/Masolikova-on-Helena-Antipoff-and-Alexander-Nechayev.pdf\" target=\"_blank\" rel=\"noreferrer noopener\">\u0418\u0441\u0442\u043e\u0440\u0438\u044f \u0440\u043e\u0441\u0441\u0438\u0439\u0441\u043a\u043e\u0439 \u043f\u0441\u0438\u0445\u043e\u043b\u043e\u0433\u0438\u0438 \u0432 \u043b\u0438\u0446\u0430\u0445: \u0414\u0430\u0439\u0434\u0436\u0435\u0441\u0442<\/a><\/em><\/strong> (A hist\u00f3ria da psicologia russa: pessoas), n\u00ba 4.<\/p>\n\n\n\n<p>Anais do Col\u00f3quio Internacional &#8220;<strong><em><a href=\"https:\/\/cdpha.pro.br\/wp-content\/uploads\/2020\/09\/Anais-seminario-The-global-educational-space-academic-migrants-Helena-Antipoff-2012.pdf\" data-type=\"URL\" data-id=\"https:\/\/cdpha.pro.br\/wp-content\/uploads\/2020\/09\/Anais-seminario-The-global-educational-space-academic-migrants-Helena-Antipoff-2012.pdf\" target=\"_blank\" rel=\"noreferrer noopener\">O espa\u00e7o global internacional e os migrantes acad\u00eamicos &#8211; o legado da psic\u00f3loga russo-brasileira Helena Antipoff (1892-1974) na ci\u00eancia, educa\u00e7\u00e3o e direitos humanos<\/a><\/em><\/strong>&#8220;, realizado em Moscou, R\u00fassia, 18-20 de junho, 2012. Volume editado pelo Centro Alexandre&nbsp;Solzenitcyn da R\u00fassia no Exterior, promotor do Col\u00f3quio.<br>Solzenitcyn Russia Abroad House (2012) <em><strong><a href=\"https:\/\/cdpha.pro.br\/wp-content\/uploads\/2020\/09\/Anais-seminario-The-global-educational-space-academic-migrants-Helena-Antipoff-2012.pdf\" target=\"_blank\" rel=\"noreferrer noopener\">Proceedings of the International Colloquium: The Global Educational Space and Academic Migrants &#8211; The legacy of Russian-Brazilian psychologist Helena Antipoff (1892-1974) in science, education and human rights<\/a><\/strong><\/em>. Moscow, Russia.&nbsp;<\/p>\n\n\n\n<p>Artigo sobre Helena Antipoff publicado no peri\u00f3dico <strong><a rel=\"noreferrer noopener\" href=\"https:\/\/cdpha.pro.br\/wp-content\/uploads\/2020\/09\/Masolikova-Sorokina-on-Yelena-Antipova-the-Russian-apostle-of-Brazil-2017.pdf\" target=\"_blank\">Boletim Educa\u00e7\u00e3o<\/a><\/strong>, em edi\u00e7\u00e3o bilingue&nbsp;(russo-ingl\u00eas):<br>MASOLIKOVA, Natalia (Senior Research Associate of the Russians Abroad Department at Alexander Solzhenitsyn Russia Abroad House); SOROKINA, Marina (Ph.D. (History), Head of Russians Abroad History Department at Alexander Solzhenitsyn Russia Abroad House) (2017) &#8220;The Russian Apostle of Brazil: psychologist Yelena Antipova&#8221;. <strong><em><a rel=\"noreferrer noopener\" href=\"https:\/\/cdpha.pro.br\/wp-content\/uploads\/2020\/09\/Masolikova-Sorokina-on-Yelena-Antipova-the-Russian-apostle-of-Brazil-2017.pdf\" target=\"_blank\">Education&nbsp;Bulletin<\/a>&nbsp;<\/em><\/strong>n. 31.<br>\u041c\u0410\u0421\u041e\u041b\u0418\u041a\u041e\u0412\u0410,&nbsp; \u041d\u0410\u0422\u0410\u041b\u042c\u042f (\u0421\u0442\u0430\u0440\u0448\u0438\u0439 \u043d\u0430\u0443\u0447\u043d\u044b\u0439 \u0441\u043e\u0442\u0440\u0443\u0434\u043d\u0438\u043a \u043e\u0442\u0434\u0435\u043b\u0430 \u0438\u0441\u0442\u043e\u0440\u0438\u0438 \u0440\u043e\u0441\u0441\u0438\u0439\u0441\u043a\u043e\u0433\u043e&nbsp;\u0437\u0430\u0440\u0443\u0431\u0435\u0436\u044c\u044f \u0414\u043e\u043c\u0430 \u0440\u0443\u0441\u0441\u043a\u043e\u0433\u043e \u0437\u0430\u0440\u0443\u0431\u0435\u0436\u044c\u044f \u0438\u043c. \u0410\u043b\u0435\u043a\u0441\u0430\u043d\u0434\u0440\u0430 \u0421\u043e\u043b\u0436\u0435\u043d\u0438\u0446\u044b\u043d\u0430);&nbsp; \u0421\u041e\u0420\u041e\u041a\u0418\u041d\u0410,&nbsp; \u041c\u0410\u0420\u0418\u041d\u0410<br>(\u0417\u0430\u0432\u0435\u0434\u0443\u044e\u0449\u0430\u044f \u043e\u0442\u0434\u0435\u043b\u043e\u043c \u0438\u0441\u0442\u043e\u0440\u0438\u0438 \u0440\u043e\u0441\u0441\u0438\u0439\u0441\u043a\u043e\u0433\u043e \u0437\u0430\u0440\u0443\u0431\u0435\u0436\u044c\u044f&nbsp;\u0414\u043e\u043c\u0430 \u0440\u0443\u0441\u0441\u043a\u043e\u0433\u043e \u0437\u0430\u0440\u0443\u0431\u0435\u0436\u044c\u044f \u0438\u043c. \u0410\u043b\u0435\u043a\u0441\u0430\u043d\u0434\u0440\u0430 \u0421\u043e\u043b\u0436\u0435\u043d\u0438\u0446\u044b\u043d\u0430,&nbsp;\u043a\u0430\u043d\u0434\u0438\u0434\u0430\u0442 \u0438\u0441\u0442\u043e\u0440\u0438\u0447\u0435\u0441\u043a\u0438\u0445 \u043d\u0430\u0443\u043a) (2017) \u0420\u0423\u0421\u0421\u041a\u0418\u0419 \u0410\u041f\u041e\u0421\u0422\u041e\u041b \u0411\u0420\u0410\u0417\u0418\u041b\u0418\u0418: \u041f\u0421\u0418\u0425\u041e\u041b\u041e\u0413 \u0415\u041b\u0415\u041d\u0410 \u0410\u041d\u0422\u0418\u041f\u041e\u0412\u0410<strong>.&nbsp;<em><a href=\"https:\/\/cdpha.pro.br\/wp-content\/uploads\/2020\/09\/Masolikova-Sorokina-on-Yelena-Antipova-the-Russian-apostle-of-Brazil-2017.pdf\" target=\"_blank\" rel=\"noreferrer noopener\">\u041e\u0431\u0440\u0430\u0437\u043e\u0432\u0430\u043d\u0438\u0435&nbsp;\u0412\u0435\u0441\u0442\u043d\u0438\u043a<\/a><\/em><\/strong> \u211631.<\/p>\n\n\n\n<p>Livro sobre Helena Antipoff de autoria de Marina Sorokina e Natalia Masolikova&nbsp;publicado em Moscou, em 2018, pelo Centro Alexandre Solzenitcyn da R\u00fassia no Exterior. O livro est\u00e1 dispon\u00edvel gratuitamente para visitantes do Museum&nbsp;of Russia Abroad (Museu da R\u00fassia no Exterior), mantido pelo Centro Solzenitcyn, com o apoio do governo russo e da prefeitura da cidade de Moscou, R\u00fassia. No Museu h\u00e1 uma se\u00e7\u00e3o biogr\u00e1fica sobre Helena Antipoff e seu filho Daniel Antipoff, com materiais doados pelo Centro de Documenta\u00e7\u00e3o e Pesquisa Helena Antipoff e pelos descendentes de Helena Antipoff residentes em Belo Horizonte, Minas Gerais, no Brasil.<br>Sorokina, Marina &amp; Masolikova, Natalia (2018) <em><strong><a href=\"https:\/\/cdpha.pro.br\/wp-content\/uploads\/2020\/09\/Masolikova-Sorokina-book-Yelena-Antipova-2018.pdf\" target=\"_blank\" rel=\"noreferrer noopener\">Helena Antipoff (1892-1974) &#8211; uma profissional russa not\u00e1vel no Brasil<\/a><\/strong><\/em>. Moscou, R\u00fassia: Centro Alexandre Solzenitcyn&nbsp;da R\u00fassia no Exterior.<br>\u041d.\u042e. \u041c\u0410\u0421\u041e\u041b\u0418\u041a\u041e\u0412\u0410, \u041c.\u042e. \u0421\u041e\u0420\u041e\u041a\u0418\u041dA&nbsp;(2018)&nbsp; <strong><a href=\"https:\/\/cdpha.pro.br\/wp-content\/uploads\/2020\/09\/Masolikova-Sorokina-book-Yelena-Antipova-2018.pdf\" target=\"_blank\" rel=\"noreferrer noopener\">\u0420\u0423\u0421\u0421\u041a\u0418\u0419 \u0410\u041f\u041e\u0421\u0422\u041e\u041b \u0411\u0420\u0410\u0417\u0418\u041b\u0418\u0418: \u0415\u041b\u0415\u041d\u0410 \u0410\u041d\u0422\u0418\u041f\u041e\u0412\u0410 (1892-1974)<\/a><\/strong>. \u041c\u043e\u0441\u043a\u0432\u0430: \u0414\u043e\u043c \u0440\u0443\u0441\u0441\u043a\u043e\u0433\u043e \u0437\u0430\u0440\u0443\u0431\u0435\u0436\u044c\u044f \u0438\u043c\u0435\u043d\u0438 \u0410\u043b\u0435\u043a\u0441\u0430\u043d\u0434\u0440\u0430 \u0421\u043e\u043b\u0436\u0435\u043d\u0438\u0446\u044b\u043d\u0430.<\/p>\n\n\n<p><\/p>","protected":false},"excerpt":{"rendered":"<p>Sorry, only available in Brazilian Portuguese. For the sake of viewer convenience, the content is shown below in the alternative language. You may click the link to switch the active language. Cap\u00edtulo de livro:Masolikova, Natasha (2016) Helena Antipoff (1892\u20141974) and Alexander Nechayev (1870\u20141948): Russian Pedologists of the beginning of the XXth century. \u0418\u0441\u0442\u043e\u0440\u0438\u044f \u0440\u043e\u0441\u0441\u0438\u0439\u0441\u043a\u043e\u0439 \u043f\u0441\u0438\u0445\u043e\u043b\u043e\u0433\u0438\u0438&hellip;&nbsp;<a href=\"https:\/\/cdpha.pro.br\/en\/livros-e-capitulos\/\" class=\"\" rel=\"bookmark\">Read More &raquo;<span class=\"screen-reader-text\">Livros e cap\u00edtulos<\/span><\/a><\/p>\n","protected":false},"author":3,"featured_media":0,"parent":0,"menu_order":0,"comment_status":"closed","ping_status":"closed","template":"","meta":{"neve_meta_sidebar":"","neve_meta_container":"","neve_meta_enable_content_width":"","neve_meta_content_width":0,"neve_meta_title_alignment":"","neve_meta_author_avatar":"","neve_post_elements_order":"","neve_meta_disable_header":"","neve_meta_disable_footer":"","neve_meta_disable_title":""},"_links":{"self":[{"href":"https:\/\/cdpha.pro.br\/en\/wp-json\/wp\/v2\/pages\/172"}],"collection":[{"href":"https:\/\/cdpha.pro.br\/en\/wp-json\/wp\/v2\/pages"}],"about":[{"href":"https:\/\/cdpha.pro.br\/en\/wp-json\/wp\/v2\/types\/page"}],"author":[{"embeddable":true,"href":"https:\/\/cdpha.pro.br\/en\/wp-json\/wp\/v2\/users\/3"}],"replies":[{"embeddable":true,"href":"https:\/\/cdpha.pro.br\/en\/wp-json\/wp\/v2\/comments?post=172"}],"version-history":[{"count":4,"href":"https:\/\/cdpha.pro.br\/en\/wp-json\/wp\/v2\/pages\/172\/revisions"}],"predecessor-version":[{"id":1011,"href":"https:\/\/cdpha.pro.br\/en\/wp-json\/wp\/v2\/pages\/172\/revisions\/1011"}],"wp:attachment":[{"href":"https:\/\/cdpha.pro.br\/en\/wp-json\/wp\/v2\/media?parent=172"}],"curies":[{"name":"wp","href":"https:\/\/api.w.org\/{rel}","templated":true}]}}