{"id":2146,"date":"2024-06-28T15:38:19","date_gmt":"2024-06-28T18:38:19","guid":{"rendered":"https:\/\/cdpha.pro.br\/?page_id=2146"},"modified":"2025-03-11T18:34:31","modified_gmt":"2025-03-11T21:34:31","slug":"diretoria-cdpha-2024-2025","status":"publish","type":"page","link":"https:\/\/cdpha.pro.br\/en\/diretoria-cdpha-2024-2025\/","title":{"rendered":"Diretoria CDPHA 2024-2025"},"content":{"rendered":"\n<p class=\"has-normal-font-size\"><strong>Presidente de Honra<\/strong><\/p>\n\n\n\n<p class=\"has-normal-font-size\">Elza de Moura (in memoriam)<\/p>\n\n\n\n<p class=\"has-normal-font-size\"><strong>Presidente<\/strong><\/p>\n\n\n\n<p class=\"has-normal-font-size\">Regina Helena de Freitas Campos<\/p>\n\n\n\n<p class=\"has-normal-font-size\"><strong>Vice-presidentes<\/strong><\/p>\n\n\n\n<p class=\"has-normal-font-size\">Vicente Tarley Ferreira Alves (presidente da Funda\u00e7\u00e3o Helena Antipoff de 04.10.2019 a 31.12.2024), Lucienne Millo Campos (presidente da Funda\u00e7\u00e3o Helena Antipoff a partir de 3 de janeiro de 2025), Maria do Carmo Coutinho de Moraes (presidente da Associa\u00e7\u00e3o Pestalozzi de Minas Gerais), Eliana de Oliveira Cardoso (presidente da ACORDA \u2013 Associa\u00e7\u00e3o Comunit\u00e1ria do Ros\u00e1rio), Filomena de F\u00e1tima Silva (presidente da ADAV \u2013 Associa\u00e7\u00e3o Milton Campos para o Desenvolvimento e Assist\u00eancia a Voca\u00e7\u00f5es de Bem Dotados)<\/p>\n\n\n\n<p class=\"has-normal-font-size\"><strong>Diretoria T\u00e9cnica<\/strong><\/p>\n\n\n\n<p class=\"has-normal-font-size\">Adriana Ara\u00fajo Pereira Borges<\/p>\n\n\n\n<p class=\"has-normal-font-size\">Adriana Otoni Silva Antunes Duarte<\/p>\n\n\n\n<p class=\"has-normal-font-size\">Deolinda Armani Turci<\/p>\n\n\n\n<p class=\"has-normal-font-size\">Lilian Sipoli Carneiro Ca\u00f1ete.<\/p>\n\n\n\n<p class=\"has-normal-font-size\"><strong>Diretoria Administrativa<\/strong><\/p>\n\n\n\n<p class=\"has-normal-font-size\">Christiane Campos de Ara\u00fajo<\/p>\n\n\n\n<p class=\"has-normal-font-size\">Miriam Aparecida de Brito Nonato<\/p>\n\n\n\n<p class=\"has-normal-font-size\">Renata Silva Cruz<\/p>\n\n\n\n<p class=\"has-normal-font-size\"><strong>Diretoria Financeira<\/strong><\/p>\n\n\n\n<p class=\"has-normal-font-size\">Carlyle dos Passos Laia, Raquel Martins de Assis, Wanderson de Souza Cleres<\/p>\n\n\n\n<p class=\"has-normal-font-size\"><strong>Conselho Fiscal<\/strong><\/p>\n\n\n\n<p class=\"has-normal-font-size\">Titulares: Carolina Silva Bandeira de Melo, Maria de F\u00e1tima Pio Cassemiro, S\u00e9rgio Dias Cirino Suplentes: Armando Magno de Abreu Leopoldino, S\u00e9rgio Domingues, S\u00e9rgio Faleiro Farnese<\/p>\n\n\n\n<p class=\"has-normal-font-size\"><strong>Conselho Consultivo<\/strong><\/p>\n\n\n\n<p class=\"has-normal-font-size\">Aline Moreira Gon\u00e7alves, Ana Maria Jac\u00f3-Vilela, Andr\u00e9 Elias Morelli Ribeiro, Arthur Arruda Leal Ferreira, Bernard Schneuwly, Camila Jardim de Meira, Carla Salom\u00e9 Margarida de Souza, Carolina Lobo Silva, Clarice Moukachar Batista Loureiro, Dener Luiz da Silva, Dominique Schoeni, Lilian Perdig\u00e3o Caix\u00eata Reis, Marc Ratcliff, Maria do Carmo de Freitas Veneroso, Marilene Proen\u00e7a Rebello de Souza, Marina Massimi, Marina Sorokina, M\u00f4nica Maria Farid Rahme, Natalia Masolikova, Nydia Negromonte Franco, Raquel de Sousa Vianna, Rita Hofstetter, Riviane Borghesi Bravo, Rodolfo Lu\u00eds Leite Batista, Rodrigo Lopes Miranda, Silvania Sousa do Nascimento, Silvia Parrat-Dayan<\/p>\n\n\n<p><strong>Colaboradores<\/strong><\/p>\n<p>Aline Chaves, Henrique Frederico Goulart<\/p>\n\n\n<p class=\"has-normal-font-size\"><strong>Coordenadoras Regionais<\/strong><\/p>\n\n\n\n<p class=\"has-normal-font-size\">Marilene Oliveira Almeida (Universidade do Estado de Minas Gerais\/Funda\u00e7\u00e3o Helena Antipoff)<\/p>\n\n\n\n<p class=\"has-normal-font-size\">Erika Louren\u00e7o (Departamento de Psicologia, Universidade Federal de Minas Gerais)<\/p>\n","protected":false},"excerpt":{"rendered":"<p>Presidente de Honra Elza de Moura (in memoriam) Presidente Regina Helena de Freitas Campos Vice-presidentes Vicente Tarley Ferreira Alves (presidente da Funda\u00e7\u00e3o Helena Antipoff de 04.10.2019 a 31.12.2024), Lucienne Millo Campos (presidente da Funda\u00e7\u00e3o Helena Antipoff a partir de 3 de janeiro de 2025), Maria do Carmo Coutinho de Moraes (presidente da Associa\u00e7\u00e3o Pestalozzi de&hellip;&nbsp;<a href=\"https:\/\/cdpha.pro.br\/en\/diretoria-cdpha-2024-2025\/\" class=\"\" rel=\"bookmark\">Read More &raquo;<span class=\"screen-reader-text\">Diretoria CDPHA 2024-2025<\/span><\/a><\/p>\n","protected":false},"author":12,"featured_media":0,"parent":0,"menu_order":0,"comment_status":"closed","ping_status":"closed","template":"","meta":{"neve_meta_sidebar":"full-width","neve_meta_container":"","neve_meta_enable_content_width":"on","neve_meta_content_width":100,"neve_meta_title_alignment":"","neve_meta_author_avatar":"","neve_post_elements_order":"","neve_meta_disable_header":"","neve_meta_disable_footer":"","neve_meta_disable_title":""},"_links":{"self":[{"href":"https:\/\/cdpha.pro.br\/en\/wp-json\/wp\/v2\/pages\/2146"}],"collection":[{"href":"https:\/\/cdpha.pro.br\/en\/wp-json\/wp\/v2\/pages"}],"about":[{"href":"https:\/\/cdpha.pro.br\/en\/wp-json\/wp\/v2\/types\/page"}],"author":[{"embeddable":true,"href":"https:\/\/cdpha.pro.br\/en\/wp-json\/wp\/v2\/users\/12"}],"replies":[{"embeddable":true,"href":"https:\/\/cdpha.pro.br\/en\/wp-json\/wp\/v2\/comments?post=2146"}],"version-history":[{"count":5,"href":"https:\/\/cdpha.pro.br\/en\/wp-json\/wp\/v2\/pages\/2146\/revisions"}],"predecessor-version":[{"id":2169,"href":"https:\/\/cdpha.pro.br\/en\/wp-json\/wp\/v2\/pages\/2146\/revisions\/2169"}],"wp:attachment":[{"href":"https:\/\/cdpha.pro.br\/en\/wp-json\/wp\/v2\/media?parent=2146"}],"curies":[{"name":"wp","href":"https:\/\/api.w.org\/{rel}","templated":true}]}}