{"id":2156,"date":"2024-11-07T13:35:24","date_gmt":"2024-11-07T16:35:24","guid":{"rendered":"https:\/\/cdpha.pro.br\/?page_id=2156"},"modified":"2024-11-07T13:39:54","modified_gmt":"2024-11-07T16:39:54","slug":"aula-silvia-parrat-dayan","status":"publish","type":"page","link":"https:\/\/cdpha.pro.br\/en\/aula-silvia-parrat-dayan\/","title":{"rendered":"Aula Silvia Parrat-Dayan"},"content":{"rendered":"\n<p class=\"has-medium-font-size\">&#8220;Evolu\u00e7\u00e3o dos discursos sobre a sexualidade infantil do s\u00e9culo 19 a nossos dias&#8221;, por Silvia Parrat-Dayan, Universidade de Genebra.  8\/11\/2024<\/p>\n\n\n\n<figure class=\"wp-block-embed-youtube wp-block-embed is-type-video is-provider-youtube wp-embed-aspect-16-9 wp-has-aspect-ratio\"><div class=\"wp-block-embed__wrapper\">\n<div class=\"nv-iframe-embed\"><iframe title=\"Aula S\u00edlvia Parrat Dayan, Universidade de Genebra.\" width=\"1200\" height=\"675\" src=\"https:\/\/www.youtube.com\/embed\/5LynNfkxup8?feature=oembed\" frameborder=\"0\" allow=\"accelerometer; autoplay; clipboard-write; encrypted-media; gyroscope; picture-in-picture; web-share\" referrerpolicy=\"strict-origin-when-cross-origin\" allowfullscreen><\/iframe><\/div>\n<\/div><\/figure>\n","protected":false},"excerpt":{"rendered":"<p>&#8220;Evolu\u00e7\u00e3o dos discursos sobre a sexualidade infantil do s\u00e9culo 19 a nossos dias&#8221;, por Silvia Parrat-Dayan, Universidade de Genebra. 8\/11\/2024<\/p>\n","protected":false},"author":12,"featured_media":0,"parent":0,"menu_order":0,"comment_status":"closed","ping_status":"closed","template":"","meta":{"neve_meta_sidebar":"full-width","neve_meta_container":"","neve_meta_enable_content_width":"on","neve_meta_content_width":100,"neve_meta_title_alignment":"","neve_meta_author_avatar":"","neve_post_elements_order":"","neve_meta_disable_header":"","neve_meta_disable_footer":"","neve_meta_disable_title":""},"_links":{"self":[{"href":"https:\/\/cdpha.pro.br\/en\/wp-json\/wp\/v2\/pages\/2156"}],"collection":[{"href":"https:\/\/cdpha.pro.br\/en\/wp-json\/wp\/v2\/pages"}],"about":[{"href":"https:\/\/cdpha.pro.br\/en\/wp-json\/wp\/v2\/types\/page"}],"author":[{"embeddable":true,"href":"https:\/\/cdpha.pro.br\/en\/wp-json\/wp\/v2\/users\/12"}],"replies":[{"embeddable":true,"href":"https:\/\/cdpha.pro.br\/en\/wp-json\/wp\/v2\/comments?post=2156"}],"version-history":[{"count":2,"href":"https:\/\/cdpha.pro.br\/en\/wp-json\/wp\/v2\/pages\/2156\/revisions"}],"predecessor-version":[{"id":2159,"href":"https:\/\/cdpha.pro.br\/en\/wp-json\/wp\/v2\/pages\/2156\/revisions\/2159"}],"wp:attachment":[{"href":"https:\/\/cdpha.pro.br\/en\/wp-json\/wp\/v2\/media?parent=2156"}],"curies":[{"name":"wp","href":"https:\/\/api.w.org\/{rel}","templated":true}]}}