{"id":2358,"date":"2026-03-17T15:14:48","date_gmt":"2026-03-17T18:14:48","guid":{"rendered":"https:\/\/cdpha.pro.br\/?page_id=2358"},"modified":"2026-03-17T15:44:44","modified_gmt":"2026-03-17T18:44:44","slug":"diretoria-cdpha-2026-2027","status":"publish","type":"page","link":"https:\/\/cdpha.pro.br\/en\/diretoria-cdpha-2026-2027\/","title":{"rendered":"Diretoria CDPHA 2026 \u2013 2027"},"content":{"rendered":"<p><strong>DIRETORIA DO CDPHA 2026-2027:<\/strong><\/p>\n<p style=\"margin-top: 30px; margin-bottom: 30px;\">\n    <strong>Presidente<\/strong>: Regina Helena de Freitas Campos<\/p>\n<p><strong>Vice-presidentes:<\/strong><\/p>\n<p>Luciene Millo Campos (presidente da Funda\u00e7\u00e3o Helena Antipoff)<\/p>\n<p>Maria do Carmo Coutinho de Moraes (presidente da Associa\u00e7\u00e3o Pestalozzi de Minas Gerais)<\/p>\n<p>Eliana de Oliveira Cardoso (presidente da ACORDA \u2013 Associa\u00e7\u00e3o Comunit\u00e1ria do Ros\u00e1rio)<\/p>\n<p>Filomena de F\u00e1tima Silva (presidente da ADAV \u2013 Associa\u00e7\u00e3o Milton Campos para o Desenvolvimento e Assist\u00eancia a Voca\u00e7\u00f5es de Bem-dotados)<\/p>\n<p><strong>Diretoria T\u00e9cnica:<\/strong><\/p>\n<p>Adriana Ara\u00fajo Pereira Borges<\/p>\n<p>Deolinda Armani Turci<\/p>\n<p>Lilian Sipoli Carneiro Ca\u00f1ete<\/p>\n<p>S\u00e9rgio Dias Cirino<\/p>\n<p>S\u00e9rgio Faleiro Farnese<\/p>\n<p><strong>Diretoria Administrativa:<\/strong><\/p>\n<p>Carla Salom\u00e9 Margarida de Souza<\/p>\n<p>Christiane Campos de Ara\u00fajo<\/p>\n<p>Miriam Aparecida de Brito Nonato<\/p>\n<p>Renata Silva Cruz<\/p>\n<p><strong>Diretoria Financeira:<\/strong><\/p>\n<p>Carlyle dos Passos Laia<\/p>\n<p>Raquel Martins de Assis<\/p>\n<p>Wanderson de Sousa Cleres<\/p>\n<p><strong>Conselho Fiscal:<\/strong><\/p>\n<p><em>Titulares<\/em><\/p>\n<p>L\u00e9o Pompeu de Rezende Campos<\/p>\n<p>Maria de F\u00e1tima Pio Cassemiro<\/p>\n<p>Silvania Sousa do Nascimento<\/p>\n<p><em>Suplentes<\/em><\/p>\n<p>Adriana Otoni Silva Antunes Duarte<\/p>\n<p>Carolina Silva Bandeira de Melo<\/p>\n<p>Clarice Moukachar Batista Loureiro<\/p>\n<p><strong>Conselho Consultivo:<\/strong><\/p>\n<p>Ana Maria Jac\u00f3-Vilela<\/p>\n<p>Andr\u00e9 Elias Morelli<\/p>\n<p>Armando Magno de Abreu Leopoldino<\/p>\n<p>Arthur Arruda Leal Ferreira<\/p>\n<p>Bernard Schneuwly<\/p>\n<p>Camila Jardim de Meira<\/p>\n<p>Carolina Lobo<\/p>\n<p>D\u00e9borah Ros\u00e1ria Barbosa<\/p>\n<p>Dener Luiz da Silva<\/p>\n<p>Dominique Schoeni<\/p>\n<p>Lilian Perdig\u00e3o Caixeta Reis<\/p>\n<p>L\u00facia Afonso<\/p>\n<p>Marc Ratcliff<\/p>\n<p>Maria do Carmo de Freitas Veneroso<\/p>\n<p>Maria Isabel Antunes Rocha<\/p>\n<p>Marilene Proen\u00e7a Rebelo de Souza<\/p>\n<p>Marina Massimi<\/p>\n<p>Marina Sorokina<\/p>\n<p>Mitsuko Aparecida Makino Antunes<\/p>\n<p>Natalia Masolikova<\/p>\n<p>Nydia Negromonte Franco<\/p>\n<p>Pina Marsico<\/p>\n<p>Rachel de Sousa Vianna<\/p>\n<p>Rita Hofstetter<\/p>\n<p>Riviane Borghesi Bravo<\/p>\n<p>Rodolfo Lu\u00eds Leite Batista<\/p>\n<p>Rodrigo Lopes Miranda<\/p>\n<p>Rosana de Castro<\/p>\n<p>S\u00e9rgio Domingues<\/p>\n<p>Silvia Parrat-Dayan<\/p>\n<p>Teodoro Zanardi<\/p>\n<p><strong>Coordenadoras Regionais:<\/strong><\/p>\n<p>Marilene Oliveira Almeida (Universidade do Estado de Minas Gerais\/Funda\u00e7\u00e3o Helena Antipoff)<\/p>\n<p>Erika Louren\u00e7o (Departamento de Psicologia, Universidade Federal de Minas Gerais)<\/p>\n","protected":false},"excerpt":{"rendered":"<p>DIRETORIA DO CDPHA 2026-2027: Presidente: Regina Helena de Freitas Campos Vice-presidentes: Luciene Millo Campos (presidente da Funda\u00e7\u00e3o Helena Antipoff) Maria do Carmo Coutinho de Moraes (presidente da Associa\u00e7\u00e3o Pestalozzi de Minas Gerais) Eliana de Oliveira Cardoso (presidente da ACORDA \u2013 Associa\u00e7\u00e3o Comunit\u00e1ria do Ros\u00e1rio) Filomena de F\u00e1tima Silva (presidente da ADAV \u2013 Associa\u00e7\u00e3o Milton Campos&hellip;&nbsp;<a href=\"https:\/\/cdpha.pro.br\/en\/diretoria-cdpha-2026-2027\/\" class=\"\" rel=\"bookmark\">Read More &raquo;<span class=\"screen-reader-text\">Diretoria CDPHA 2026 \u2013 2027<\/span><\/a><\/p>\n","protected":false},"author":12,"featured_media":0,"parent":0,"menu_order":0,"comment_status":"closed","ping_status":"closed","template":"","meta":{"neve_meta_sidebar":"full-width","neve_meta_container":"","neve_meta_enable_content_width":"on","neve_meta_content_width":100,"neve_meta_title_alignment":"","neve_meta_author_avatar":"","neve_post_elements_order":"","neve_meta_disable_header":"","neve_meta_disable_footer":"","neve_meta_disable_title":""},"_links":{"self":[{"href":"https:\/\/cdpha.pro.br\/en\/wp-json\/wp\/v2\/pages\/2358"}],"collection":[{"href":"https:\/\/cdpha.pro.br\/en\/wp-json\/wp\/v2\/pages"}],"about":[{"href":"https:\/\/cdpha.pro.br\/en\/wp-json\/wp\/v2\/types\/page"}],"author":[{"embeddable":true,"href":"https:\/\/cdpha.pro.br\/en\/wp-json\/wp\/v2\/users\/12"}],"replies":[{"embeddable":true,"href":"https:\/\/cdpha.pro.br\/en\/wp-json\/wp\/v2\/comments?post=2358"}],"version-history":[{"count":11,"href":"https:\/\/cdpha.pro.br\/en\/wp-json\/wp\/v2\/pages\/2358\/revisions"}],"predecessor-version":[{"id":2373,"href":"https:\/\/cdpha.pro.br\/en\/wp-json\/wp\/v2\/pages\/2358\/revisions\/2373"}],"wp:attachment":[{"href":"https:\/\/cdpha.pro.br\/en\/wp-json\/wp\/v2\/media?parent=2358"}],"curies":[{"name":"wp","href":"https:\/\/api.w.org\/{rel}","templated":true}]}}