{"id":25,"date":"2020-08-06T21:28:55","date_gmt":"2020-08-07T00:28:55","guid":{"rendered":"https:\/\/cdpha.pro.br\/?page_id=25"},"modified":"2024-07-18T19:56:13","modified_gmt":"2024-07-18T22:56:13","slug":"parcerias","status":"publish","type":"page","link":"https:\/\/cdpha.pro.br\/en\/parcerias\/","title":{"rendered":"Parcerias"},"content":{"rendered":"<div style=\"height:50px\" aria-hidden=\"true\" class=\"wp-block-spacer\"><\/div>\n\n\n\n<p class=\"has-medium-font-size\"><\/p>\n\n\n\n<p><a rel=\"noreferrer noopener\" href=\"http:\/\/www.archivesjeanpiaget.ch\/\" data-type=\"URL\" data-id=\"http:\/\/www.archivesjeanpiaget.ch\/\" target=\"_blank\"><\/a><a rel=\"noreferrer noopener\" href=\"http:\/\/www.fha.mg.gov.br\/\" target=\"_blank\">Funda\u00e7\u00e3o Helena Antipoff<\/a><br><a rel=\"noreferrer noopener\" href=\"https:\/\/www.domrz.ru\/en\/about\/review\/\" target=\"_blank\">Alexander Solzhenitsyn House of Russia Abroad<\/a><br><a rel=\"noreferrer noopener\" href=\"https:\/\/ripehp.com\/\" target=\"_blank\">Rede Iberoamericana de Pesquisadores em Hist\u00f3ria da Psicologia \u2013 RIPHEP<\/a><br><a rel=\"noreferrer noopener\" href=\"http:\/\/sbhpsi.com.br\/\" target=\"_blank\">Sociedade Brasileira de Hist\u00f3ria da Psicologia \u2013 SBHP<\/a><br><a rel=\"noreferrer noopener\" href=\"http:\/\/historyofpsych.org\/\" target=\"_blank\">Society for the History of Psychology (Div. 26 American Psychological Association)<\/a><br><a rel=\"noreferrer noopener\" href=\"http:\/\/fenapestalozzi.org.br\/mg\/minas-gerais\/institucional\" target=\"_blank\">Associa\u00e7\u00e3o Pestalozzi de Minas Gerais<\/a><br><a rel=\"noreferrer noopener\" href=\"http:\/\/sbponline.org.br\/\" target=\"_blank\">Sociedade Brasileira de Psicologia<\/a><br><a href=\"http:\/\/www.cliopsyche.uerj.br\" data-type=\"URL\" data-id=\"http:\/\/www.cliopsyche.uerj.br\">Clip-Psych\u00e9<\/a><br><a rel=\"noreferrer noopener\" href=\"https:\/\/www.uakron.edu\/chp\/\" target=\"_blank\">Cummings Center for the History of Psychology<\/a><br><a rel=\"noreferrer noopener\" href=\"https:\/\/ael.archivespiaget.ch\/\" target=\"_blank\">Archives Jean Piaget<\/a><br><a rel=\"noreferrer noopener\" href=\"https:\/\/www.unige.ch\/archives\/aijjr\/\" target=\"_blank\">Archives de l\u2019Institut Jean Jacques Rousseau<\/a><br><a rel=\"noreferrer noopener\" href=\"http:\/\/koyre.ehess.fr\/\" target=\"_blank\">Centre Alexandre Koyr\u00e9 d\u2019Histoire desSciences et desTechniques<\/a><\/p>\n\n\n\n<p><\/p>","protected":false},"excerpt":{"rendered":"<p>Funda\u00e7\u00e3o Helena AntipoffAlexander Solzhenitsyn House of Russia AbroadRede Iberoamericana de Pesquisadores em Hist\u00f3ria da Psicologia \u2013 RIPHEPSociedade Brasileira de Hist\u00f3ria da Psicologia \u2013 SBHPSociety for the History of Psychology (Div. 26 American Psychological Association)Associa\u00e7\u00e3o Pestalozzi de Minas GeraisSociedade Brasileira de PsicologiaClip-Psych\u00e9Cummings Center for the History of PsychologyArchives Jean PiagetArchives de l\u2019Institut Jean Jacques RousseauCentre Alexandre&hellip;&nbsp;<a href=\"https:\/\/cdpha.pro.br\/en\/parcerias\/\" class=\"\" rel=\"bookmark\">Read More &raquo;<span class=\"screen-reader-text\">Parcerias<\/span><\/a><\/p>\n","protected":false},"author":2,"featured_media":0,"parent":0,"menu_order":0,"comment_status":"closed","ping_status":"closed","template":"","meta":{"neve_meta_sidebar":"","neve_meta_container":"","neve_meta_enable_content_width":"","neve_meta_content_width":0,"neve_meta_title_alignment":"","neve_meta_author_avatar":"","neve_post_elements_order":"","neve_meta_disable_header":"","neve_meta_disable_footer":"","neve_meta_disable_title":"on"},"_links":{"self":[{"href":"https:\/\/cdpha.pro.br\/en\/wp-json\/wp\/v2\/pages\/25"}],"collection":[{"href":"https:\/\/cdpha.pro.br\/en\/wp-json\/wp\/v2\/pages"}],"about":[{"href":"https:\/\/cdpha.pro.br\/en\/wp-json\/wp\/v2\/types\/page"}],"author":[{"embeddable":true,"href":"https:\/\/cdpha.pro.br\/en\/wp-json\/wp\/v2\/users\/2"}],"replies":[{"embeddable":true,"href":"https:\/\/cdpha.pro.br\/en\/wp-json\/wp\/v2\/comments?post=25"}],"version-history":[{"count":18,"href":"https:\/\/cdpha.pro.br\/en\/wp-json\/wp\/v2\/pages\/25\/revisions"}],"predecessor-version":[{"id":2155,"href":"https:\/\/cdpha.pro.br\/en\/wp-json\/wp\/v2\/pages\/25\/revisions\/2155"}],"wp:attachment":[{"href":"https:\/\/cdpha.pro.br\/en\/wp-json\/wp\/v2\/media?parent=25"}],"curies":[{"name":"wp","href":"https:\/\/api.w.org\/{rel}","templated":true}]}}