{"id":681,"date":"2020-09-21T23:04:18","date_gmt":"2020-09-22T02:04:18","guid":{"rendered":"https:\/\/cdpha.pro.br\/?page_id=681"},"modified":"2026-03-24T18:42:38","modified_gmt":"2026-03-24T21:42:38","slug":"home","status":"publish","type":"page","link":"https:\/\/cdpha.pro.br\/en\/","title":{"rendered":"Home"},"content":{"rendered":"<p><\/p>\n\n\n\n<p class=\"has-text-align-center\" style=\"font-size:14px\"><\/p>\n\n\n\n<p class=\"has-text-align-center\" style=\"font-size:14px\">RESEARCH AND DOCUMENTATION IN PSYCHOLOGY AND THE EDUCATIONAL SCIENCES, FOCUSING ON ACTIVE EDUCATION, HUMAN DEVELOPMENT, QUALITY OF LIFE, DEMOCRACY AND SOCIAL INCLUSION<\/p>\n\n\n\n<div class=\"wp-block-nextend-smartslider3\"><\/div>\n\n\n\n<hr class=\"wp-block-separator\"\/>\n\n\n\n<div class=\"wp-block-columns\">\n<div class=\"wp-block-column\">\n<figure class=\"wp-block-image size-large is-resized is-style-default\"><a href=\"https:\/\/cdpha.pro.br\/wp-content\/uploads\/2026\/03\/43a_PROGRAMACAO_GERAL_SESSOES_24_03_26_editado.pdf\" target=\"_blank\" rel=\"noopener noreferrer\"><img src=\"https:\/\/cdpha.pro.br\/wp-content\/uploads\/2026\/03\/nueva-capa-1.jpg\" alt=\"\"\/><\/a><\/figure>\n\n\n\n<p><\/p>\n\n\n\n<p><\/p>\n<\/div>\n\n\n\n<div class=\"wp-block-column\">\n<figure class=\"wp-block-image size-large is-resized\"><a href=\"https:\/\/cdpha.pro.br\/wp-content\/uploads\/2026\/03\/TEMPLATE_APRESENTACAO_43o_EAHA_2026.pptx\" target=\"_blank\" rel=\"noopener noreferrer\"><img loading=\"lazy\" src=\"https:\/\/cdpha.pro.br\/wp-content\/uploads\/2026\/03\/TEMPLATE.jpg\" alt=\"\" class=\"wp-image-2277\" width=\"467\" height=\"637\" srcset=\"https:\/\/cdpha.pro.br\/wp-content\/uploads\/2026\/03\/TEMPLATE.jpg 623w, https:\/\/cdpha.pro.br\/wp-content\/uploads\/2026\/03\/TEMPLATE-220x300.jpg 220w\" sizes=\"(max-width: 467px) 100vw, 467px\" \/><\/a><\/figure>\n\n\n\n<p><\/p>\n<\/div>\n<\/div>\n\n\n\n<hr class=\"wp-block-separator\"\/>\n\n\n\n<div class=\"wp-block-columns\">\n<div class=\"wp-block-column\">\n<figure class=\"wp-block-image size-large is-resized\"><a href=\"https:\/\/cdpha.pro.br\/wp-content\/uploads\/2026\/03\/1041-Helena-Antipoff-no-Olho-do-Furacao-Cartaz.pdf\" target=\"_blank\" rel=\"noopener noreferrer\"><img loading=\"lazy\" src=\"https:\/\/cdpha.pro.br\/wp-content\/uploads\/2026\/03\/Clipboard_03-09-2026_01.jpg\" alt=\"\" class=\"wp-image-2281\" width=\"528\" height=\"742\" srcset=\"https:\/\/cdpha.pro.br\/wp-content\/uploads\/2026\/03\/Clipboard_03-09-2026_01.jpg 675w, https:\/\/cdpha.pro.br\/wp-content\/uploads\/2026\/03\/Clipboard_03-09-2026_01-213x300.jpg 213w\" sizes=\"(max-width: 528px) 100vw, 528px\" \/><\/a><\/figure>\n<\/div>\n\n\n\n<div class=\"wp-block-column\">\n<figure class=\"wp-block-image size-large is-resized is-style-default\"><a href=\"https:\/\/cdpha.pro.br\/inscricoes\/\" target=\"_blank\" rel=\"noopener noreferrer\"><img loading=\"lazy\" src=\"https:\/\/cdpha.pro.br\/wp-content\/uploads\/2026\/03\/Convite-roxoFINAL2-684x1024.jpg\" alt=\"\" class=\"wp-image-2347\" width=\"448\" height=\"670\" srcset=\"https:\/\/cdpha.pro.br\/wp-content\/uploads\/2026\/03\/Convite-roxoFINAL2-684x1024.jpg 684w, https:\/\/cdpha.pro.br\/wp-content\/uploads\/2026\/03\/Convite-roxoFINAL2-201x300.jpg 201w, https:\/\/cdpha.pro.br\/wp-content\/uploads\/2026\/03\/Convite-roxoFINAL2-768x1149.jpg 768w, https:\/\/cdpha.pro.br\/wp-content\/uploads\/2026\/03\/Convite-roxoFINAL2-1027x1536.jpg 1027w, https:\/\/cdpha.pro.br\/wp-content\/uploads\/2026\/03\/Convite-roxoFINAL2.jpg 1032w\" sizes=\"(max-width: 448px) 100vw, 448px\" \/><\/a><\/figure>\n<\/div>\n<\/div>\n\n\n\n<hr class=\"wp-block-separator\"\/>\n\n\n\n<div class=\"wp-block-columns\">\n<div class=\"wp-block-column\">\n<figure class=\"wp-block-embed-youtube wp-block-embed is-type-video is-provider-youtube wp-embed-aspect-4-3 wp-has-aspect-ratio wp-embed-aspect-16-9\"><div class=\"wp-block-embed__wrapper\">\n<div class=\"nv-iframe-embed\"><iframe title=\"Entre Mundos - vida e obra de Helena Antipoff\" width=\"1200\" height=\"675\" src=\"https:\/\/www.youtube.com\/embed\/LxIEytO0FKY?feature=oembed\" frameborder=\"0\" allow=\"accelerometer; autoplay; clipboard-write; encrypted-media; gyroscope; picture-in-picture; web-share\" referrerpolicy=\"strict-origin-when-cross-origin\" allowfullscreen><\/iframe><\/div>\n<\/div><\/figure>\n\n\n\n<div class=\"wp-block-image\"><figure class=\"aligncenter size-large is-resized\"><a href=\"https:\/\/cdpha.pro.br\/boletins-do-cdpha\/\" target=\"_blank\" rel=\"noopener noreferrer\"><img loading=\"lazy\" src=\"https:\/\/cdpha.pro.br\/wp-content\/uploads\/2024\/05\/boletim-1.jpg\" alt=\"\" class=\"wp-image-2087\" width=\"1095\" height=\"295\" srcset=\"https:\/\/cdpha.pro.br\/wp-content\/uploads\/2024\/05\/boletim-1.jpg 834w, https:\/\/cdpha.pro.br\/wp-content\/uploads\/2024\/05\/boletim-1-300x81.jpg 300w, https:\/\/cdpha.pro.br\/wp-content\/uploads\/2024\/05\/boletim-1-768x206.jpg 768w\" sizes=\"(max-width: 1095px) 100vw, 1095px\" \/><\/a><\/figure><\/div>\n\n\n\n<div class=\"wp-block-columns\">\n<div class=\"wp-block-column\">\n<div class=\"wp-block-image\"><figure class=\"aligncenter size-large\"><a href=\"https:\/\/cdpha.pro.br\/coletaneas-antipoff\/\" target=\"_blank\" rel=\"noopener noreferrer\"><img loading=\"lazy\" width=\"490\" height=\"711\" src=\"https:\/\/cdpha.pro.br\/wp-content\/uploads\/2024\/01\/livro1.jpg\" alt=\"\" class=\"wp-image-1853\" srcset=\"https:\/\/cdpha.pro.br\/wp-content\/uploads\/2024\/01\/livro1.jpg 490w, https:\/\/cdpha.pro.br\/wp-content\/uploads\/2024\/01\/livro1-207x300.jpg 207w\" sizes=\"(max-width: 490px) 100vw, 490px\" \/><\/a><figcaption>Arquivos das Colet\u00e2nea das Obras Escritas de Helena Antipoff para armazenamento em drive           e repostagem dos Volumes I (Psicologia Experimental) , III ( Educa\u00e7\u00e3o do Excepcional) e IV (Educa\u00e7\u00e3o Rural)<\/figcaption><\/figure><\/div>\n<\/div>\n\n\n\n<div class=\"wp-block-column\">\n<div class=\"wp-block-image\"><figure class=\"aligncenter size-large is-resized\"><img loading=\"lazy\" src=\"https:\/\/cdpha.pro.br\/wp-content\/uploads\/2023\/09\/Imagem-do-WhatsApp-de-2023-09-11-as-19.29.04-680x1024.jpg\" alt=\"\" class=\"wp-image-1684\" width=\"467\" height=\"702\" srcset=\"https:\/\/cdpha.pro.br\/wp-content\/uploads\/2023\/09\/Imagem-do-WhatsApp-de-2023-09-11-as-19.29.04-680x1024.jpg 680w, https:\/\/cdpha.pro.br\/wp-content\/uploads\/2023\/09\/Imagem-do-WhatsApp-de-2023-09-11-as-19.29.04-199x300.jpg 199w\" sizes=\"(max-width: 467px) 100vw, 467px\" \/><figcaption><strong>The transnational legacy of Jean Piaget &#8211; A view from the 21st century&#8221;<\/strong><br><strong> (Org. Regina Helena Campos, \u00c9rika Louren\u00e7o &amp; Marc Ratcliff),  Ed. Springer, Coll. Voices of Latin America (Dir. Pina Marsico).  <\/strong><br> Colet\u00e2nea que re\u00fane contribui\u00e7\u00f5es dos conferencistas que participaram do Col\u00f3quio Jean Piaget no Brasil e Am\u00e9rica Latina, em 2021, promovido pelo CDPHA em  parceria  com  os  Archives  Jean  Piaget  da Universidade  de  Genebra, celebrando a mem\u00f3ria de Piaget por ocasi\u00e3o da passagem dos 40 anos de seu falecimento. Mostra como a obra de Piaget tem sido lembrada como refer\u00eancia nas \u00e1reas da psicologia, filosofia, ci\u00eancias humanas, ci\u00eancias da educa\u00e7\u00e3o. O CDPHA agradece a todos os colaboradores dessa obra t\u00e3o importante! <br><strong>O livro estar\u00e1 dispon\u00edvel em breve!<\/strong><\/figcaption><\/figure><\/div>\n<\/div>\n<\/div>\n\n\n\n<p><\/p>\n\n\n\n<div class=\"wp-block-group\"><div class=\"wp-block-group__inner-container\"><\/div><\/div>\n<\/div>\n<\/div>\n\n\n\n<div class=\"wp-block-columns\">\n<div class=\"wp-block-column\"><\/div>\n\n\n\n<div class=\"wp-block-column\"><\/div>\n\n\n\n<div class=\"wp-block-column\"><\/div>\n<\/div>\n\n\n\n<p><\/p>\n\n\n\n<p><\/p>\n\n\n\n<div class=\"wp-block-columns\">\n<div class=\"wp-block-column\"><\/div>\n\n\n\n<div class=\"wp-block-column\"><\/div>\n\n\n\n<div class=\"wp-block-column\"><\/div>\n<\/div>","protected":false},"excerpt":{"rendered":"<p>RESEARCH AND DOCUMENTATION IN PSYCHOLOGY AND THE EDUCATIONAL SCIENCES, FOCUSING ON ACTIVE EDUCATION, HUMAN DEVELOPMENT, QUALITY OF LIFE, DEMOCRACY AND SOCIAL INCLUSION<\/p>\n","protected":false},"author":12,"featured_media":0,"parent":0,"menu_order":0,"comment_status":"closed","ping_status":"closed","template":"","meta":{"neve_meta_sidebar":"full-width","neve_meta_container":"contained","neve_meta_enable_content_width":"on","neve_meta_content_width":100,"neve_meta_title_alignment":"center","neve_meta_author_avatar":"","neve_post_elements_order":"","neve_meta_disable_header":"off","neve_meta_disable_footer":"off","neve_meta_disable_title":"on"},"_links":{"self":[{"href":"https:\/\/cdpha.pro.br\/en\/wp-json\/wp\/v2\/pages\/681"}],"collection":[{"href":"https:\/\/cdpha.pro.br\/en\/wp-json\/wp\/v2\/pages"}],"about":[{"href":"https:\/\/cdpha.pro.br\/en\/wp-json\/wp\/v2\/types\/page"}],"author":[{"embeddable":true,"href":"https:\/\/cdpha.pro.br\/en\/wp-json\/wp\/v2\/users\/12"}],"replies":[{"embeddable":true,"href":"https:\/\/cdpha.pro.br\/en\/wp-json\/wp\/v2\/comments?post=681"}],"version-history":[{"count":249,"href":"https:\/\/cdpha.pro.br\/en\/wp-json\/wp\/v2\/pages\/681\/revisions"}],"predecessor-version":[{"id":2400,"href":"https:\/\/cdpha.pro.br\/en\/wp-json\/wp\/v2\/pages\/681\/revisions\/2400"}],"wp:attachment":[{"href":"https:\/\/cdpha.pro.br\/en\/wp-json\/wp\/v2\/media?parent=681"}],"curies":[{"name":"wp","href":"https:\/\/api.w.org\/{rel}","templated":true}]}}