{"id":814,"date":"2020-09-23T03:09:02","date_gmt":"2020-09-23T06:09:02","guid":{"rendered":"https:\/\/cdpha.pro.br\/?page_id=814"},"modified":"2020-09-23T03:10:23","modified_gmt":"2020-09-23T06:10:23","slug":"diretoria_2013-2015","status":"publish","type":"page","link":"https:\/\/cdpha.pro.br\/en\/diretoria_2013-2015\/","title":{"rendered":"Diretoria_2013-2015"},"content":{"rendered":"\n<div style=\"height:20px\" aria-hidden=\"true\" class=\"wp-block-spacer\"><\/div>\n\n\n\n<div class=\"wp-block-columns\">\n<div class=\"wp-block-column\">\n<p><strong>Diretoria 2013-2015<\/strong><br><br><strong>Presidente:<\/strong>&nbsp;Regina Helena de Freitas Campos<br><strong>Vice-presidentes:<\/strong><br>Irene de Melo Pinheiro (Funda\u00e7\u00e3o Helena Antipoff)<br>Maria do Carmo Coutinho de Moraes (Sociedade Pestalozzi)<br>S\u00edlvia Maria Medeiros Magalh\u00e3es (ACORDA)<br>Filomena de F\u00e1tima Silva (ADAV)<br><strong>Diretoria T\u00e9cnica:<\/strong><br>Adriana Ara\u00fajo Pereira Borges<br>Deolinda Armani Turci<br>Romilda Oliveira Alves<br>S\u00e9rgio Dias Cirino<br>Taciana Braga Souza<br><strong>Diretoria Administrativa:<\/strong><br>Amanda Tolomelli Brescia<br>Larissa Assun\u00e7\u00e3o Rodrigues<br>Maria das Gra\u00e7as Ferreira Coimbra<br>Marilene Oliveira Almeida<br>Raquel Martins de Assis<br><strong>Diretoria Financeira:<\/strong><br>C\u00e9sar Rota J\u00fanior<br>Delba Teixeira Rodrigues Bastos<br>Doralice Almeida Campos de Ara\u00fajo<br>Fernanda Flaviana de Souza Martins<\/p>\n<\/div>\n\n\n\n<div class=\"wp-block-column\">\n<p><br><br><strong>Conselho Fiscal:<br>Efetivos<\/strong><br>Cec\u00edlia Andrade Antipoff<br>S\u00f4nia Vieira Coelho<br><strong>Suplente<\/strong><br>Elizabeth Coutinho de Moraes<br>Elizabeth Munaier Lages<br><strong>Conselho Consultivo:<\/strong><br>A\u00edda Linhares Barbosa<br>Clarice Loureiro<br>Eust\u00e1quio Souza J\u00fanior<br>Ianna Oliveira Pereira<br>Merie Bitar Moukachar<br>Rodrigo Lopes Miranda<br>S\u00e9rgio Domingues<br>S\u00e9rgio Faleiro Farnese<br><strong>Coordenadores regionais:<\/strong><br>Doralice de Almeida Campos (Funda\u00e7\u00e3o Helena Antipoff)<br>\u00c9rika Louren\u00e7o (UFMG)<\/p>\n<\/div>\n<\/div>\n","protected":false},"excerpt":{"rendered":"<p>Diretoria 2013-2015 Presidente:&nbsp;Regina Helena de Freitas CamposVice-presidentes:Irene de Melo Pinheiro (Funda\u00e7\u00e3o Helena Antipoff)Maria do Carmo Coutinho de Moraes (Sociedade Pestalozzi)S\u00edlvia Maria Medeiros Magalh\u00e3es (ACORDA)Filomena de F\u00e1tima Silva (ADAV)Diretoria T\u00e9cnica:Adriana Ara\u00fajo Pereira BorgesDeolinda Armani TurciRomilda Oliveira AlvesS\u00e9rgio Dias CirinoTaciana Braga SouzaDiretoria Administrativa:Amanda Tolomelli BresciaLarissa Assun\u00e7\u00e3o RodriguesMaria das Gra\u00e7as Ferreira CoimbraMarilene Oliveira AlmeidaRaquel Martins de AssisDiretoria Financeira:C\u00e9sar&hellip;&nbsp;<a href=\"https:\/\/cdpha.pro.br\/en\/diretoria_2013-2015\/\" class=\"\" rel=\"bookmark\">Read More &raquo;<span class=\"screen-reader-text\">Diretoria_2013-2015<\/span><\/a><\/p>\n","protected":false},"author":2,"featured_media":0,"parent":0,"menu_order":0,"comment_status":"closed","ping_status":"closed","template":"","meta":{"neve_meta_sidebar":"full-width","neve_meta_container":"","neve_meta_enable_content_width":"on","neve_meta_content_width":100,"neve_meta_title_alignment":"","neve_meta_author_avatar":"","neve_post_elements_order":"","neve_meta_disable_header":"","neve_meta_disable_footer":"","neve_meta_disable_title":"on"},"_links":{"self":[{"href":"https:\/\/cdpha.pro.br\/en\/wp-json\/wp\/v2\/pages\/814"}],"collection":[{"href":"https:\/\/cdpha.pro.br\/en\/wp-json\/wp\/v2\/pages"}],"about":[{"href":"https:\/\/cdpha.pro.br\/en\/wp-json\/wp\/v2\/types\/page"}],"author":[{"embeddable":true,"href":"https:\/\/cdpha.pro.br\/en\/wp-json\/wp\/v2\/users\/2"}],"replies":[{"embeddable":true,"href":"https:\/\/cdpha.pro.br\/en\/wp-json\/wp\/v2\/comments?post=814"}],"version-history":[{"count":0,"href":"https:\/\/cdpha.pro.br\/en\/wp-json\/wp\/v2\/pages\/814\/revisions"}],"wp:attachment":[{"href":"https:\/\/cdpha.pro.br\/en\/wp-json\/wp\/v2\/media?parent=814"}],"curies":[{"name":"wp","href":"https:\/\/api.w.org\/{rel}","templated":true}]}}